{"id":3177,"date":"2017-04-04T10:33:08","date_gmt":"2017-04-04T10:33:08","guid":{"rendered":"http:\/\/sviluppo.vardigital.it\/domini-castellare\/?page_id=3177\/"},"modified":"2017-05-19T13:16:18","modified_gmt":"2017-05-19T13:16:18","slug":"privacy-policy","status":"publish","type":"page","link":"https:\/\/www.castellare.it\/en\/privacy-policy\/","title":{"rendered":"Privacy Policy"},"content":{"rendered":"<p><span style=\"font-size: medium;\"><span style=\"font-family: Calibri, serif;\">Ai sensi dell\u2019articolo 13 del D.lgs 196\/2003 (Codice in materia di protezione dei dati personali) e della Raccomandazione n.2\/2001 del Gruppo di Lavoro art. 29 della Direttiva 95\/46\/CE, Domini Castellare di Castellina S.r.l, in seguito anche solo \u201cTitolare\u201d, <\/span><span style=\"font-family: Calibri, serif;\">desidera informarLa, in quanto soggetto interessato, circa le modalit\u00e0 di trattamento dei dati effettuate in occasione della visita al sito web www.castellare.it<\/span><span style=\"font-family: Calibri, serif;\">.<\/span><\/span><\/p>\r\n<p>&nbsp;<\/p>\r\n<h3><span style=\"font-family: Calibri, serif;\"><span><b>Raccolta e trattamento di dati personali<\/b><\/span><\/span><\/h3>\r\n<p><span style=\"font-family: Calibri, serif; font-size: medium;\"><i>Dati di navigazione<\/i><\/span><\/p>\r\n<p><span style=\"font-family: Calibri, serif; font-size: medium;\">I sistemi informatici e le procedure software preposte al funzionamento di questo sito Web acquisiscono, nel corso del loro normale esercizio, alcuni dati personali la cui trasmissione \u00e8 implicita nell\u2019uso dei protocolli di comunicazione di Internet. Si tratta di informazioni che non sono raccolte per essere associate a interessati identificati, ma che, per loro stessa natura, potrebbero, attraverso elaborazioni ed associazioni con dati detenuti da terzi, permettere di identificare gli utenti. <\/span><\/p>\r\n<p><span style=\"font-family: Calibri, serif; font-size: medium;\">In questa categoria di dati rientrano gli indirizzi IP o i nomi a dominio dei computer utilizzati dagli utenti che si connettono al Sito, gli indirizzi in notazione URI (Uniform Resource Identifier) delle risorse richieste, l\u2019orario della richiesta, il metodo utilizzato nel sottoporre la richiesta al server, la dimensione del file ottenuto in risposta, il codice numerico indicante lo stato della risposta data dal server (buon fine, errore, ecc.) ed altri parametri relativi al sistema operativo e all\u2019ambiente informatico dell\u2019utente. <\/span><\/p>\r\n<p><span style=\"font-family: Calibri, serif; font-size: medium;\">Questi dati vengono utilizzati al solo fine di ricavare informazioni statistiche anonime sull\u2019uso del Sito e per controllarne il corretto funzionamento, e vengono cancellati immediatamente dopo l\u2019elaborazione. <\/span><\/p>\r\n<p><span style=\"font-family: Calibri, serif; font-size: medium;\">I dati potrebbero essere utilizzati per l\u2019accertamento di responsabilit\u00e0 in caso di ipotetici reati informatici ai danni del Sito. <\/span><\/p>\r\n<p><span style=\"font-size: medium;\">&nbsp;<\/span><\/p>\r\n<p><span style=\"font-family: Calibri, serif; font-size: medium;\"><i>Dati forniti volontariamente<\/i><\/span><\/p>\r\n<p><span style=\"font-family: Calibri, serif; font-size: medium;\">In alcune sezioni del Sito, Le potr\u00e0 essere richiesto di fornire dati personali. In tal caso Le verr\u00e0 fornita l&#8217;informativa ai sensi dell&#8217;art. 13 del D.Lgs. 196\/2003 relativa al trattamento dei dati personali in relazione alle singole finalit\u00e0 perseguite. <\/span><\/p>\r\n<p>&nbsp;<\/p>\r\n<h3><span style=\"font-family: Calibri, serif;\"><span><b>Cookie<\/b><\/span><\/span><\/h3>\r\n<p><span style=\"font-family: Calibri, serif; font-size: medium;\">Le informazioni relative ai cookie utilizzati su questo Sito sono reperibili alla seguente url <a href=\"https:\/\/www.castellare.it\/en\/cookie-policy\/\">Cookies Policy<\/a><\/span><\/p>\r\n<p>&nbsp;<\/p>\r\n<h3><span style=\"font-family: Calibri, serif;\"><span><b>Conferimento dei dati<\/b><\/span><\/span><\/h3>\r\n<p><span style=\"font-family: Calibri, serif; font-size: medium;\">A parte quanto specificato per i dati di navigazione, il conferimento dei dati per ulteriori finalit\u00e0 del trattamento \u00e8 facoltativo. Il loro mancato conferimento pu\u00f2 comportare l\u2019impossibilit\u00e0 di perseguire tali ulteriori finalit\u00e0.<\/span><\/p>\r\n<p>&nbsp;<\/p>\r\n<h3><span style=\"font-family: Calibri, serif;\"><span><b>Finalit\u00e0 del trattamento e ambito di comunicazione dei dati personali<\/b><\/span><\/span><\/h3>\r\n<p><span style=\"font-family: Calibri, serif; font-size: medium;\">Il Titolare tratter\u00e0 i Suoi dati personali, per l&#8217;amministrazione tecnica del Sito.<\/span><\/p>\r\n<p><span style=\"font-family: Calibri, serif; font-size: medium;\">I Suoi dati saranno trattati dai dipendenti e collaboratori del Titolare in qualit\u00e0 di incaricati e responsabili del trattamento.<\/span><\/p>\r\n<p><span style=\"font-family: Calibri, serif; font-size: medium;\">I Suoi dati potranno essere trattati da societ\u00e0 di fiducia che svolgono per conto del Titolare compiti di natura tecnica ed organizzativa. Queste societ\u00e0 sono dirette collaboratrici e svolgono la funzione di responsabile del trattamento. <\/span><\/p>\r\n<p><span style=\"font-family: Calibri, serif; font-size: medium;\">In particolare, nell\u2019ambito del trattamento dei dati effettuato tramite il Sito, il Titolare hanno nominato quale Responsabile del trattamento la societ\u00e0 che si occupa della gestione e manutenzione tecnica del Sito. <\/span><\/p>\r\n<p><span style=\"font-family: Calibri, serif; font-size: medium;\">Il loro elenco \u00e8 costantemente aggiornato ed \u00e8 disponibile su richiesta inviando una comunicazione all\u2019indirizzo sotto indicato ovvero un e-mail a comunicazione@castellare.it<\/span><\/p>\r\n<p><span style=\"font-family: Calibri, serif; font-size: medium;\">Eventuali ulteriori indicazioni circa l\u2019ambito di comunicazione e diffusione dei Suoi dati personali Le verranno fornite nelle singole sezioni del Sito.<\/span><\/p>\r\n<p>&nbsp;<\/p>\r\n<h3><span style=\"font-family: Calibri, serif;\"><span><b>Modalit\u00e0 del trattamento<\/b><\/span><\/span><\/h3>\r\n<p><span style=\"font-family: Calibri, serif; font-size: medium;\">I Suoi dati personali saranno trattati con strumenti automatizzati per il tempo strettamente necessario a conseguire gli scopi per cui sono stati raccolti.<\/span><\/p>\r\n<p><span style=\"font-family: Calibri, serif; font-size: medium;\">Specifiche misure di sicurezza sono osservate per prevenire la perdita dei dati, usi illeciti o non corretti ed accessi non autorizzati.<\/span><\/p>\r\n<p>&nbsp;<\/p>\r\n<h3><span style=\"font-family: Calibri, serif;\"><span><b>I Suoi diritti<\/b><\/span><\/span><\/h3>\r\n<p><span style=\"font-family: Calibri, serif; font-size: medium;\">In ogni momento potr\u00e0 ottenere la cancellazione, la trasformazione in forma anonima, la copia, l\u2019aggiornamento, la rettifica o integrazione, il blocco dei dati trattati in violazione di legge secondo quanto previsto dall&#8217;art. 7 del D.Lgs 196\/2003 riportato per esteso in coda alla presente policy.<\/span><\/p>\r\n<p><span style=\"font-family: Calibri, serif; font-size: medium;\">Avr\u00e0 il diritto di opporsi In ogni caso ad ogni trattamento dei tuoi dati personali che sia effettuato per finalit\u00e0 di informazione commerciale e di marketing e di opporsi per motivi legittimi al trattamento dei suoi dati per altre finalit\u00e0.<\/span><\/p>\r\n<p><span style=\"font-family: Calibri, serif; font-size: medium;\">Per l&#8217;esercizio dei suoi diritti, puoi inviare una comunicazione all\u2019indirizzo sotto indicato ovvero un\u2019e-mail a comunicazione@castellare.it<\/span><\/p>\r\n<p>&nbsp;<\/p>\r\n<h3><span style=\"font-family: Calibri, serif;\"><span><b>Titolare e Responsabile del trattamento dei dati<\/b><\/span><\/span><\/h3>\r\n<p><span style=\"font-family: Calibri, serif; font-size: medium;\">Titolare del trattamento \u00e8 Domini di Castellare di Castellina S.r.l, con sede in Localit\u00e0 Caselle, 53011 Castellina in Chianti (SI).<\/span><\/p>\r\n<p><span style=\"font-family: Calibri, serif; font-size: medium;\">Responsabile del trattamento \u00e8 il rappresentate legale Alessandro Cellai. <\/span><\/p>\r\n<p>&nbsp;<\/p>\r\n<h3><span style=\"font-family: Calibri, serif;\"><span><b>Articolo 7 Decreto Legislativo 30 giugno 2003 n. 196<\/b><\/span><\/span><span style=\"font-family: Calibri, serif;\"><span><i>(Diritto di accesso ai dati personali ed altri diritti)<\/i><\/span><\/span><\/h3>\r\n<p><span style=\"font-family: Calibri, serif; font-size: medium;\">1. L\u2019interessato ha diritto di ottenere la conferma dell\u2019esistenza o meno dei dati personali che lo riguardano, anche se non ancora registrati, e la loro comunicazione in forma intelligibile.<\/span><\/p>\r\n<p><span style=\"font-family: Calibri, serif; font-size: medium;\">2. L\u2019interessato ha diritto di ottenere l\u2019indicazione:<\/span><\/p>\r\n<p><span style=\"font-family: Calibri, serif; font-size: medium;\">a) dell\u2019origine dei dati personali;<\/span><\/p>\r\n<p><span style=\"font-family: Calibri, serif; font-size: medium;\">b) delle finalit\u00e0 e modalit\u00e0 del trattamento;<\/span><\/p>\r\n<p><span style=\"font-family: Calibri, serif; font-size: medium;\">c) della logica applicata in caso di trattamento effettuato con l\u2019ausilio di strumenti elettronici;<\/span><\/p>\r\n<p><span style=\"font-family: Calibri, serif; font-size: medium;\">d) degli estremi identificativi del titolare, dei responsabili e del rappresentante designato ai sensi dell\u2019articolo 5, comma 2;<\/span><\/p>\r\n<p><span style=\"font-family: Calibri, serif; font-size: medium;\">e) dei soggetti o delle categorie di soggetti ai quali i dati personali possono essere comunicati o che possono venirne a conoscenza in qualit\u00e0 di rappresentante designato nel territorio dello Stato, di responsabili o incaricati.<\/span><\/p>\r\n<p><span style=\"font-family: Calibri, serif; font-size: medium;\">3. L\u2019interessato ha diritto di ottenere:<\/span><\/p>\r\n<p><span style=\"font-family: Calibri, serif; font-size: medium;\">a) l\u2019aggiornamento, la rettificazione ovvero, quando vi ha interesse, l\u2019integrazione dei dati;<\/span><\/p>\r\n<p><span style=\"font-family: Calibri, serif; font-size: medium;\">b) la cancellazione, la trasformazione in forma anonima o il blocco dei dati trattati in violazione di legge, compresi quelli di cui non \u00e8 necessaria la conservazione in relazione agli scopi per i quali i dati sono stati raccolti o successivamente trattati;<\/span><\/p>\r\n<p><span style=\"font-family: Calibri, serif; font-size: medium;\">c) l\u2019attestazione che le operazioni di cui alle lettere a) e b) sono state portate a conoscenza, anche per quanto riguarda il loro contenuto, di coloro ai quali i dati sono stati comunicati o diffusi, eccettuato il caso in cui tale adempimento si rivela impossibile o comporta un impiego di mezzi manifestamente sproporzionato rispetto al diritto tutelato.<\/span><\/p>\r\n<p><span style=\"font-family: Calibri, serif; font-size: medium;\">4. L\u2019interessato ha diritto di opporsi, in tutto o in parte:<\/span><\/p>\r\n<p><span style=\"font-family: Calibri, serif; font-size: medium;\">a) per motivi legittimi al trattamento dei dati personali che lo riguardano, ancorch\u00e9 pertinenti allo scopo della raccolta;<\/span><\/p>\r\n<p><span style=\"font-family: Calibri, serif; font-size: medium;\">b) al trattamento dei dati personali che lo riguardano ai fini di invio di materiale pubblicitario o di vendita diretta o per il compimento di ricerche di mercato o di comunicazione commerciale.<\/span><\/p>","protected":false},"excerpt":{"rendered":"<p>Ai sensi dell\u2019articolo 13 del D.lgs 196\/2003 (Codice in materia di protezione dei dati personali) e della Raccomandazione n.2\/2001 del Gruppo di Lavoro art. 29 della Direttiva 95\/46\/CE, Domini Castellare di Castellina S.r.l, in seguito anche solo \u201cTitolare\u201d, desidera informarLa, in quanto soggetto interessato, circa le modalit\u00e0 di trattamento dei dati effettuate in occasione della [&hellip;]<\/p>\n","protected":false},"author":1,"featured_media":0,"parent":0,"menu_order":0,"comment_status":"closed","ping_status":"closed","template":"","meta":{"footnotes":""},"class_list":["post-3177","page","type-page","status-publish","hentry"],"_links":{"self":[{"href":"https:\/\/www.castellare.it\/en\/wp-json\/wp\/v2\/pages\/3177","targetHints":{"allow":["GET"]}}],"collection":[{"href":"https:\/\/www.castellare.it\/en\/wp-json\/wp\/v2\/pages"}],"about":[{"href":"https:\/\/www.castellare.it\/en\/wp-json\/wp\/v2\/types\/page"}],"author":[{"embeddable":true,"href":"https:\/\/www.castellare.it\/en\/wp-json\/wp\/v2\/users\/1"}],"replies":[{"embeddable":true,"href":"https:\/\/www.castellare.it\/en\/wp-json\/wp\/v2\/comments?post=3177"}],"version-history":[{"count":4,"href":"https:\/\/www.castellare.it\/en\/wp-json\/wp\/v2\/pages\/3177\/revisions"}],"predecessor-version":[{"id":4355,"href":"https:\/\/www.castellare.it\/en\/wp-json\/wp\/v2\/pages\/3177\/revisions\/4355"}],"wp:attachment":[{"href":"https:\/\/www.castellare.it\/en\/wp-json\/wp\/v2\/media?parent=3177"}],"curies":[{"name":"wp","href":"https:\/\/api.w.org\/{rel}","templated":true}]}}