{"id":10037,"date":"2021-07-22T10:33:42","date_gmt":"2021-07-22T10:33:42","guid":{"rendered":"https:\/\/www.castellare.it\/?page_id=10037\/"},"modified":"2022-04-15T14:15:48","modified_gmt":"2022-04-15T14:15:48","slug":"rocca-di-frassinello-san-germano","status":"publish","type":"page","link":"https:\/\/www.castellare.it\/it\/rocca-di-frassinello\/rocca-di-frassinello-san-germano\/","title":{"rendered":"Rocca di Frassinello San Germano"},"content":{"rendered":"<div class=\"uk-width-medium-1-1 scheda-vino\">\r\n    <div class=\"uk-width-medium-1-3 uk-float-left scheda-vino-1\">\r\n        <h2>Rocca di Frassinello San Germano<\/h2>\r\n        <p>Sul poggio di San Germano la vite veniva coltivata gi\u00e0 3.000 anni fa dagli\r\nEtruschi. Una storia millenaria che ha permesso alle piante di autoselezionarsi sviluppando, in modo naturale, le difese alle avversit\u00e0 climatiche\r\ne biologiche, e di ottenere dunque uve pi\u00f9 sane e di qualit\u00e0 eccellente. Nasce\r\nda un uvaggio Cabernet Sauvignon, Merlot e in piccola parte Sangioveto.<\/p>\r\n        <p><a href=\"https:\/\/www.castellare.it\/it\/rocca-di-frassinello\/rocca-di-frassinello-vino\/tour-sensoriale-rocca-di-frassinello\/\" class=\"readmore-plus\">Tour sensoriale<\/a><\/p>\r\n        <p><a href=\"https:\/\/www.castellare.it\/it\/vino-e-cibo\/ricette-e-abbinamenti-con-il-vino\/risotto-alla-milanese-con-lossobuco\/\" class=\"readmore-plus\">Ricette consigliate<\/a><\/p>\r\n        <p><a href=\"https:\/\/shop.castellare.it\/rocca-di-frassinello\/142-rocca-di-frassinello-san-germano-2018.html\" target=\"_blank\" class=\"readmore-plus\">Acquista il vino<\/a><\/p>\r\n    <\/div>\r\n    <div class=\"uk-width-medium-1-3 uk-float-left scheda-vino-2\">\r\n        <img decoding=\"async\" src=\"https:\/\/www.castellare.it\/wp-content\/uploads\/2022\/03\/Rocca-di-Frassinello-San-Germano_sito-web.png\" \/>\r\n    <\/div>\r\n    <div class=\"uk-width-medium-1-3 uk-float-left scheda-vino-3\">\r\n        <h3>Note degustative:<\/h3>\r\n        <p> il colore \u00e8 rosso rubino impenetrabile indice di grande complessit\u00e0. Un vino seducente fin dall\u2019olfatto con note spiccate di mora, ribes, caff\u00e8 e vaniglia. In bocca si presenta di grande struttura ma anche armonico ed elegante grazie alla freschezza donata dal Sangioveto. Un vino di grandissima persistenza. \r\n<\/p>\r\n        <p><a href=\"https:\/\/www.castellare.it\/it\/vino-e-cibo\/degustare-il-vino\/\" class=\"readmore-plus\">Scopri come degustare il vino<\/a><\/p>\r\n        <p>&nbsp;<\/p>\r\n        <h3>Abbinamenti:<\/h3>\r\n        <p>Si accompagna bene con carni rosse,\r\narrosti, cacciagione e formaggi stagionati<\/p>\r\n        <p><a href=\"https:\/\/www.castellare.it\/it\/vino-e-cibo\/abbinare-vino-e-cibo\/\" class=\"readmore-plus\">Scopri come abbinare il vino<\/a><\/p>\r\n    <\/div>\r\n<\/div>\r\n","protected":false},"excerpt":{"rendered":"<p>Rocca di Frassinello San Germano Sul poggio di San Germano la vite veniva coltivata gi\u00e0 3.000 anni fa dagli Etruschi. Una storia millenaria che ha permesso alle piante di autoselezionarsi sviluppando, in modo naturale, le difese alle avversit\u00e0 climatiche e biologiche, e di ottenere dunque uve pi\u00f9 sane e di qualit\u00e0 eccellente. Nasce da un [&hellip;]<\/p>\n","protected":false},"author":4,"featured_media":0,"parent":793,"menu_order":0,"comment_status":"closed","ping_status":"closed","template":"","meta":{"footnotes":""},"class_list":["post-10037","page","type-page","status-publish","hentry"],"_links":{"self":[{"href":"https:\/\/www.castellare.it\/it\/wp-json\/wp\/v2\/pages\/10037","targetHints":{"allow":["GET"]}}],"collection":[{"href":"https:\/\/www.castellare.it\/it\/wp-json\/wp\/v2\/pages"}],"about":[{"href":"https:\/\/www.castellare.it\/it\/wp-json\/wp\/v2\/types\/page"}],"author":[{"embeddable":true,"href":"https:\/\/www.castellare.it\/it\/wp-json\/wp\/v2\/users\/4"}],"replies":[{"embeddable":true,"href":"https:\/\/www.castellare.it\/it\/wp-json\/wp\/v2\/comments?post=10037"}],"version-history":[{"count":10,"href":"https:\/\/www.castellare.it\/it\/wp-json\/wp\/v2\/pages\/10037\/revisions"}],"predecessor-version":[{"id":10561,"href":"https:\/\/www.castellare.it\/it\/wp-json\/wp\/v2\/pages\/10037\/revisions\/10561"}],"up":[{"embeddable":true,"href":"https:\/\/www.castellare.it\/it\/wp-json\/wp\/v2\/pages\/793"}],"wp:attachment":[{"href":"https:\/\/www.castellare.it\/it\/wp-json\/wp\/v2\/media?parent=10037"}],"curies":[{"name":"wp","href":"https:\/\/api.w.org\/{rel}","templated":true}]}}