{"id":10408,"date":"2022-03-15T15:36:17","date_gmt":"2022-03-15T15:36:17","guid":{"rendered":"https:\/\/www.castellare.it\/?page_id=10408\/"},"modified":"2023-05-30T14:34:07","modified_gmt":"2023-05-30T14:34:07","slug":"fico-rosso","status":"publish","type":"page","link":"https:\/\/www.castellare.it\/it\/feudi-del-pisciotto\/fico-rosso\/","title":{"rendered":"Fico Rosso"},"content":{"rendered":"<div class=\"uk-width-medium-1-1 scheda-vino\">\r\n    <div class=\"uk-width-medium-1-3 uk-float-left scheda-vino-1\">\r\n        <h2>Fico Rosso<\/h2>\r\n        <p>Due grandi vitigni internazionali, Merlot e Cabernet Sauvignon, che esprimono una grande personalit\u00e0 nel terroir siciliano. Un vino di grande struttura, ma che non perde in eleganza e bevibilit\u00e0. La scultura in etichetta \u00e8 del grande ceramista Giacomo Alessi da Caltagirone. Un vino che racconta l&#8217;essenza della Sicilia.<\/p>\r\n        \r\n    <\/div>\r\n    <div class=\"uk-width-medium-1-3 uk-float-left scheda-vino-2\">\r\n        <img decoding=\"async\" src=\"https:\/\/www.castellare.it\/wp-content\/uploads\/2023\/05\/Fico-Rosso.png\" \/>\r\n    <\/div>\r\n    <div class=\"uk-width-medium-1-3 uk-float-left scheda-vino-3\">\r\n        <h3>Note degustative:<\/h3>\r\n        <p>Di colore rosso rubino con riflessi\r\nviolacei. Ha un profumo intenso che ricorda la frutta\r\nrossa e i dolci alla vaniglia. In bocca \u00e8 fresco, morbido,\r\nequilibrato, con un retrogusto complesso che rimanda\r\na note di cacao e vaniglia. Un vino di grande struttura,\r\nma che sicuramente mantiene la sua eleganza.<\/p>\r\n        <p><a href=\"https:\/\/www.castellare.it\/it\/vino-e-cibo\/degustare-il-vino\/\" class=\"readmore-plus\">Scopri come degustare il vino<\/a><\/p>\r\n        <p>&nbsp;<\/p>\r\n        <h3>Abbinamenti:<\/h3>\r\n        <p>Ideale per carni rosse e formaggi\r\nstagionati, si possono creare abbinamenti con\r\npreparazioni a base di pesce a taglio come il tonno o il\r\npescespada.<\/p>\r\n        <p><a href=\"https:\/\/www.castellare.it\/it\/vino-e-cibo\/abbinare-vino-e-cibo\/\" class=\"readmore-plus\">Scopri come abbinare il vino<\/a><\/p>\r\n    <\/div>\r\n<\/div>\r\n","protected":false},"excerpt":{"rendered":"<p>Fico Rosso Due grandi vitigni internazionali, Merlot e Cabernet Sauvignon, che esprimono una grande personalit\u00e0 nel terroir siciliano. Un vino di grande struttura, ma che non perde in eleganza e bevibilit\u00e0. La scultura in etichetta \u00e8 del grande ceramista Giacomo Alessi da Caltagirone. Un vino che racconta l&#8217;essenza della Sicilia. Note degustative: Di colore rosso [&hellip;]<\/p>\n","protected":false},"author":4,"featured_media":0,"parent":795,"menu_order":1,"comment_status":"closed","ping_status":"closed","template":"","meta":{"footnotes":""},"class_list":["post-10408","page","type-page","status-publish","hentry"],"_links":{"self":[{"href":"https:\/\/www.castellare.it\/it\/wp-json\/wp\/v2\/pages\/10408","targetHints":{"allow":["GET"]}}],"collection":[{"href":"https:\/\/www.castellare.it\/it\/wp-json\/wp\/v2\/pages"}],"about":[{"href":"https:\/\/www.castellare.it\/it\/wp-json\/wp\/v2\/types\/page"}],"author":[{"embeddable":true,"href":"https:\/\/www.castellare.it\/it\/wp-json\/wp\/v2\/users\/4"}],"replies":[{"embeddable":true,"href":"https:\/\/www.castellare.it\/it\/wp-json\/wp\/v2\/comments?post=10408"}],"version-history":[{"count":9,"href":"https:\/\/www.castellare.it\/it\/wp-json\/wp\/v2\/pages\/10408\/revisions"}],"predecessor-version":[{"id":11274,"href":"https:\/\/www.castellare.it\/it\/wp-json\/wp\/v2\/pages\/10408\/revisions\/11274"}],"up":[{"embeddable":true,"href":"https:\/\/www.castellare.it\/it\/wp-json\/wp\/v2\/pages\/795"}],"wp:attachment":[{"href":"https:\/\/www.castellare.it\/it\/wp-json\/wp\/v2\/media?parent=10408"}],"curies":[{"name":"wp","href":"https:\/\/api.w.org\/{rel}","templated":true}]}}