{"id":1071,"date":"2016-11-28T15:33:51","date_gmt":"2016-11-28T15:33:51","guid":{"rendered":"http:\/\/sviluppo.vardigital.it\/domini-castellare\/it\/?page_id=1071"},"modified":"2018-12-13T21:02:42","modified_gmt":"2018-12-13T21:02:42","slug":"il-piccione-viaggiatore","status":"publish","type":"page","link":"https:\/\/www.castellare.it\/it\/vino-e-cibo\/ricette-e-abbinamenti-con-il-vino\/il-piccione-viaggiatore\/","title":{"rendered":"Il piccione viaggiatore"},"content":{"rendered":"<div class=\"uk-width-medium-1-3 uk-float-right uk-text-center\">\r\n    <p>Vino consigliato in abbinamento:\r\n    <br>\r\n    <strong><strong>I SODI DI SAN NICCOL&Ograve;<\/strong> di <i>Castellare di Castellina<\/i><\/strong>\r\n    <\/p>\r\n    <img loading=\"lazy\" decoding=\"async\" src=\"https:\/\/www.castellare.it\/wp-content\/uploads\/2017\/08\/I-Sodi-di-S.-Niccol\u00f21.png\" alt=\"I-Sodi-di-S-Niccolo\" width=\"83\" height=\"300\" class=\"alignnone size-medium wp-image-1551\" \/>\r\n    <p>Il portabandiera di Castellare di Castellina. Solo vitigni autoctoni, Sangioveto e Malvasia Nera, per il primo vino italiano nella TOP 10 di Wine Spectator.<\/p>\r\n    <p>\r\n        <a href=\"https:\/\/www.castellare.it\/it\/castellare-di-castellina\/i-sodi-di-s-niccolo\/\" class=\"readmore-plus\">Scopri il vino<\/a>\r\n    <\/p>\r\n<\/div>\r\n<div class=\"uk-width-medium-2-3 uk-float-left\">\r\n    <p><strong>Chef CHICCO CEREA <i>Da Vittorio a Brusaporto (BG)<\/i><\/strong>\r\n    <\/p>\r\n    <p><strong>Ingredienti per 4 persone:<\/strong><\/p>\r\n    <table>\r\n    <tbody>\r\n    <tr>\r\n    <td><strong>Ingredienti per gli hamburger:<\/strong><\/td>\r\n    <\/tr>\r\n    <tr>\r\n    <td style=\"vertical-align:top;\">\r\n    <ul>\r\n        <li>500 g petti di piccione<\/li>\r\n        <li>20 g burro pomata<\/li>\r\n        <li>1 cucchiaio senape<\/li>\r\n        <li>Panna, sale, pepe, pan grattato qb<\/li>\r\n        <li>Acetosella<\/li>\r\n        <li>300 g salsa mou<\/li>\r\n        <li>80g foie gras<\/li>\r\n    <\/ul>\r\n    <\/td>\r\n    <\/tr>\r\n    <tr>\r\n    <td><strong>Ingredienti per la farcitura dei paccheri:<\/strong><\/td>\r\n    <\/tr>\r\n    <tr>\r\n    <td style=\"vertical-align:top;\">\r\n    <ul>\r\n        <li>500 g panna<\/li>\r\n        <li>1 patata lessa<\/li>\r\n        <li>3 g xantana<\/li>\r\n        <li>Olio tartufato<\/li>\r\n        <li>Tartufo trito<\/li>\r\n        <li>Asparagi trito<\/li>\r\n    <\/ul>\r\n    <\/td>\r\n    <\/tr>\r\n    <tr>\r\n    <td><strong>Ingredienti per il glassage:<\/strong><\/td>\r\n    <\/tr>\r\n    <tr>\r\n    <td style=\"vertical-align:top;\">\r\n    <ul>\r\n        <li>50 g ketchup<\/li>\r\n        <li>50 g soja<\/li>\r\n        <li>50 g aceto balsamico<\/li>\r\n        <li>Ginger<\/li>\r\n        <li>Aglio<\/li>\r\n        <li>Soja<\/li>\r\n        <li>Sesamo<\/li>\r\n        <li>Miele<\/li>\r\n        <li>Pasta di nocciole<\/li>\r\n    <\/ul>\r\n    <\/td>\r\n    <\/tr>\r\n    <tr>\r\n    <td><strong>Ingredienti per il mou:<\/strong><\/td>\r\n    <\/tr>\r\n    <tr>\r\n    <td style=\"vertical-align:top;\">\r\n    <ul>\r\n        <li>500 g zucchero<\/li>\r\n        <li>350 g panna<\/li>\r\n        <li>200 g foie gras<\/li>\r\n    <\/ul>\r\n    <\/td>\r\n    <td><\/td>\r\n    <\/tr>\r\n    <tr>\r\n    <td><strong>Ingredienti per il petto di piccione:<\/strong><\/td>\r\n    <\/tr>\r\n    <tr>\r\n    <td style=\"vertical-align:top;\">\r\n    <ul>\r\n        <li>4 petti<\/li>\r\n        <li>4 fette Foie gras da 15 g cad<\/li>\r\n    <\/ul>\r\n    <\/td>\r\n    <td><\/td>\r\n    <\/tr>\r\n    <\/tbody>\r\n    <\/table>\r\n<\/div>\r\n<div class=\"uk-width-medium-1-1 uk-float-left\">\r\n    <strong>Preparazione degli hamburger:<\/strong>\r\n    <p>\r\n    Tritare i petti al tritacarne, aggiungere tutti gli altri ingredienti tranne la acetosella e il mou. Fare dei mini hamburger e abbatterli.\r\n    <\/p>\r\n    <strong>Preparazione del mou:<\/strong>\r\n    <p>\r\n    Scogliere lo zucchero con la panna, far caramellare e infine aggiungere il foie gras.\r\n    <\/p>\r\n    <strong>Preparazione del petto di piccione:<\/strong>\r\n    <p>\r\n    Fare delle tasche nei petti e inserirvi le fette di foie gras e cuocere a sottovuoto a 65\u00b0 per 20 min nel ronner.\r\n    <\/p>\r\n    <strong>Preparazione del glassage:<\/strong>\r\n    <p>\r\n    Far ridurre la panna di met\u00e0, aggiungere la patata, la xantana, e mixare. Quando il composto avr\u00e0 raggiunto la densit\u00e0 desiderata aggiungere gli asparagi e il tartufo tritati. Al momento dell&#8217;impiattamento farcire un pacchero con l&#8217;aiuto di una sac a poch\u00e8.\r\n    <\/p>\r\n    <strong>Preparazione delle cosce laccate:<\/strong>\r\n    <p>\r\n    Scottare le cosce in padella e terminare la cottura all&#8217;interno del glassage.<\/p>\r\n<\/div>","protected":false},"excerpt":{"rendered":"<p>Vino consigliato in abbinamento: I SODI DI SAN NICCOL&Ograve; di Castellare di Castellina Il portabandiera di Castellare di Castellina. Solo vitigni autoctoni, Sangioveto e Malvasia Nera, per il primo vino italiano nella TOP 10 di Wine Spectator. Scopri il vino Chef CHICCO CEREA Da Vittorio a Brusaporto (BG) Ingredienti per 4 persone: Ingredienti per gli [&hellip;]<\/p>\n","protected":false},"author":1,"featured_media":1000,"parent":1069,"menu_order":0,"comment_status":"closed","ping_status":"closed","template":"","meta":{"footnotes":""},"class_list":["post-1071","page","type-page","status-publish","has-post-thumbnail","hentry"],"_links":{"self":[{"href":"https:\/\/www.castellare.it\/it\/wp-json\/wp\/v2\/pages\/1071","targetHints":{"allow":["GET"]}}],"collection":[{"href":"https:\/\/www.castellare.it\/it\/wp-json\/wp\/v2\/pages"}],"about":[{"href":"https:\/\/www.castellare.it\/it\/wp-json\/wp\/v2\/types\/page"}],"author":[{"embeddable":true,"href":"https:\/\/www.castellare.it\/it\/wp-json\/wp\/v2\/users\/1"}],"replies":[{"embeddable":true,"href":"https:\/\/www.castellare.it\/it\/wp-json\/wp\/v2\/comments?post=1071"}],"version-history":[{"count":32,"href":"https:\/\/www.castellare.it\/it\/wp-json\/wp\/v2\/pages\/1071\/revisions"}],"predecessor-version":[{"id":6999,"href":"https:\/\/www.castellare.it\/it\/wp-json\/wp\/v2\/pages\/1071\/revisions\/6999"}],"up":[{"embeddable":true,"href":"https:\/\/www.castellare.it\/it\/wp-json\/wp\/v2\/pages\/1069"}],"wp:featuredmedia":[{"embeddable":true,"href":"https:\/\/www.castellare.it\/it\/wp-json\/wp\/v2\/media\/1000"}],"wp:attachment":[{"href":"https:\/\/www.castellare.it\/it\/wp-json\/wp\/v2\/media?parent=1071"}],"curies":[{"name":"wp","href":"https:\/\/api.w.org\/{rel}","templated":true}]}}