{"id":11995,"date":"2024-12-05T11:30:21","date_gmt":"2024-12-05T11:30:21","guid":{"rendered":"https:\/\/www.castellare.it\/?page_id=11995\/"},"modified":"2025-04-01T20:33:50","modified_gmt":"2025-04-01T20:33:50","slug":"grillo-colori-di-sicilia","status":"publish","type":"page","link":"https:\/\/www.castellare.it\/it\/feudi-del-pisciotto\/grillo-colori-di-sicilia\/","title":{"rendered":"Grillo | Colori di Sicilia"},"content":{"rendered":"<div class=\"uk-width-medium-1-1 scheda-vino\">\r\n    <div class=\"uk-width-medium-1-3 uk-float-left scheda-vino-1\">\r\n        <h2>Grillo | Colori di Sicilia<\/h2>\r\n        <p>Il Grillo \u00e8 uno dei 4 vini monovarietali della linea Colori di Sicilia di Feudi del Pisciotto. Vitigno autoctono di territorio, d\u00e0 vita a bianchi con personalit\u00e0 e spessore organolettico. Il Grillo di Feudi del Pisciotto \u00e8 un vino fresco, di corpo, leggermente sapido e minerale. In etichetta, pennellate di blu che evocano il mare di Sicilia, tratte dalle ceramiche del grande maestro di Caltagirone Giacomo Alessi.<\/p>\r\n        \r\n    <\/div>\r\n    <div class=\"uk-width-medium-1-3 uk-float-left scheda-vino-2\">\r\n        <img decoding=\"async\" src=\"https:\/\/www.castellare.it\/wp-content\/uploads\/2025\/04\/Grillo-Colori-di-Sicilia-per-sito-web.png\" \/>\r\n    <\/div>\r\n    <div class=\"uk-width-medium-1-3 uk-float-left scheda-vino-3\">\r\n        <h3>Note degustative:<\/h3>\r\n        <p>giallo paglierino pi\u00f9 o meno intenso. All\u2019olfatto regala note fruttate di pesche bianche, frutta tropicale, miele, mandorle, e ricordi floreali di gelsomino e prati in fiore. Al gusto risulta pieno, fresco, di buona.<\/p>\r\n        <p><a href=\"https:\/\/www.castellare.it\/it\/vino-e-cibo\/degustare-il-vino\/\" class=\"readmore-plus\">Scopri come degustare il vino<\/a><\/p>\r\n        <p>&nbsp;<\/p>\r\n        <h3>Abbinamenti:<\/h3>\r\n        <p>ideale con pesce, molluschi e crostacei. Ma anche con salumi non troppo saporiti, carni bianche ed alcuni piatti della cucina orientale.\r\n<\/p>\r\n        <p><a href=\"https:\/\/www.castellare.it\/it\/vino-e-cibo\/abbinare-vino-e-cibo\/\" class=\"readmore-plus\">Scopri come abbinare il vino<\/a><\/p>\r\n    <\/div>\r\n<\/div>","protected":false},"excerpt":{"rendered":"<p>Grillo | Colori di Sicilia Il Grillo \u00e8 uno dei 4 vini monovarietali della linea Colori di Sicilia di Feudi del Pisciotto. Vitigno autoctono di territorio, d\u00e0 vita a bianchi con personalit\u00e0 e spessore organolettico. Il Grillo di Feudi del Pisciotto \u00e8 un vino fresco, di corpo, leggermente sapido e minerale. In etichetta, pennellate di [&hellip;]<\/p>\n","protected":false},"author":4,"featured_media":0,"parent":795,"menu_order":0,"comment_status":"closed","ping_status":"closed","template":"","meta":{"footnotes":""},"class_list":["post-11995","page","type-page","status-publish","hentry"],"_links":{"self":[{"href":"https:\/\/www.castellare.it\/it\/wp-json\/wp\/v2\/pages\/11995","targetHints":{"allow":["GET"]}}],"collection":[{"href":"https:\/\/www.castellare.it\/it\/wp-json\/wp\/v2\/pages"}],"about":[{"href":"https:\/\/www.castellare.it\/it\/wp-json\/wp\/v2\/types\/page"}],"author":[{"embeddable":true,"href":"https:\/\/www.castellare.it\/it\/wp-json\/wp\/v2\/users\/4"}],"replies":[{"embeddable":true,"href":"https:\/\/www.castellare.it\/it\/wp-json\/wp\/v2\/comments?post=11995"}],"version-history":[{"count":3,"href":"https:\/\/www.castellare.it\/it\/wp-json\/wp\/v2\/pages\/11995\/revisions"}],"predecessor-version":[{"id":12097,"href":"https:\/\/www.castellare.it\/it\/wp-json\/wp\/v2\/pages\/11995\/revisions\/12097"}],"up":[{"embeddable":true,"href":"https:\/\/www.castellare.it\/it\/wp-json\/wp\/v2\/pages\/795"}],"wp:attachment":[{"href":"https:\/\/www.castellare.it\/it\/wp-json\/wp\/v2\/media?parent=11995"}],"curies":[{"name":"wp","href":"https:\/\/api.w.org\/{rel}","templated":true}]}}