{"id":11997,"date":"2024-12-05T11:33:02","date_gmt":"2024-12-05T11:33:02","guid":{"rendered":"https:\/\/www.castellare.it\/?page_id=11997\/"},"modified":"2025-04-01T20:32:21","modified_gmt":"2025-04-01T20:32:21","slug":"frappato-colori-di-sicilia","status":"publish","type":"page","link":"https:\/\/www.castellare.it\/it\/feudi-del-pisciotto\/frappato-colori-di-sicilia\/","title":{"rendered":"Frappato | Colori di Sicilia"},"content":{"rendered":"<div class=\"uk-width-medium-1-1 scheda-vino\">\r\n    <div class=\"uk-width-medium-1-3 uk-float-left scheda-vino-1\">\r\n        <h2>Frappato | Colori di Sicilia<\/h2>\r\n        <p>Il Frappato \u00e8 uno dei 4 vini monovarietali della linea Colori di Sicilia di Feudi del Pisciotto. Vitigno a bacca nera autoctono di antiche origini, vinificato in purezza fa risaltare i tipici aromi floreali e fruttati della variet\u00e0.  Il Frappato di Feudi del Pisciotto rivela nel bicchiere vivacit\u00e0 e intensit\u00e0 organolettica. Rotondo al palato, conquista con la sua freschezza. In etichetta, pennellate di rosso fuoco che ricordano la lava del vulcano, tratte dalle ceramiche del grande maestro di Caltagirone Giacomo Alessi.<\/p>\r\n        \r\n    <\/div>\r\n    <div class=\"uk-width-medium-1-3 uk-float-left scheda-vino-2\">\r\n        <img decoding=\"async\" src=\"https:\/\/www.castellare.it\/wp-content\/uploads\/2025\/04\/Frappato-Colori-di-Sicilia-per-sito-web.png\" \/>\r\n    <\/div>\r\n    <div class=\"uk-width-medium-1-3 uk-float-left scheda-vino-3\">\r\n        <h3>Note degustative:<\/h3>\r\n        <p>rosso rubino con riflessi violacei. Questo vino spazia da sentori di frutti rossi come la fragola e il melograno, a ricordi floreali di rosa e fresia. Al palato \u00e8 fragrante, morbido e ben bilanciato.<\/p>\r\n        <p><a href=\"https:\/\/www.castellare.it\/it\/vino-e-cibo\/degustare-il-vino\/\" class=\"readmore-plus\">Scopri come degustare il vino<\/a><\/p>\r\n        <p>&nbsp;<\/p>\r\n        <h3>Abbinamenti:<\/h3>\r\n        <p>verdure grigliate, salumi e piatti anche di pesce come zuppe e guazzetti.\r\n<\/p>\r\n        <p><a href=\"https:\/\/www.castellare.it\/it\/vino-e-cibo\/abbinare-vino-e-cibo\/\" class=\"readmore-plus\">Scopri come abbinare il vino<\/a><\/p>\r\n    <\/div>\r\n<\/div>","protected":false},"excerpt":{"rendered":"<p>Frappato | Colori di Sicilia Il Frappato \u00e8 uno dei 4 vini monovarietali della linea Colori di Sicilia di Feudi del Pisciotto. Vitigno a bacca nera autoctono di antiche origini, vinificato in purezza fa risaltare i tipici aromi floreali e fruttati della variet\u00e0. Il Frappato di Feudi del Pisciotto rivela nel bicchiere vivacit\u00e0 e intensit\u00e0 [&hellip;]<\/p>\n","protected":false},"author":4,"featured_media":0,"parent":795,"menu_order":0,"comment_status":"closed","ping_status":"closed","template":"","meta":{"footnotes":""},"class_list":["post-11997","page","type-page","status-publish","hentry"],"_links":{"self":[{"href":"https:\/\/www.castellare.it\/it\/wp-json\/wp\/v2\/pages\/11997","targetHints":{"allow":["GET"]}}],"collection":[{"href":"https:\/\/www.castellare.it\/it\/wp-json\/wp\/v2\/pages"}],"about":[{"href":"https:\/\/www.castellare.it\/it\/wp-json\/wp\/v2\/types\/page"}],"author":[{"embeddable":true,"href":"https:\/\/www.castellare.it\/it\/wp-json\/wp\/v2\/users\/4"}],"replies":[{"embeddable":true,"href":"https:\/\/www.castellare.it\/it\/wp-json\/wp\/v2\/comments?post=11997"}],"version-history":[{"count":3,"href":"https:\/\/www.castellare.it\/it\/wp-json\/wp\/v2\/pages\/11997\/revisions"}],"predecessor-version":[{"id":12093,"href":"https:\/\/www.castellare.it\/it\/wp-json\/wp\/v2\/pages\/11997\/revisions\/12093"}],"up":[{"embeddable":true,"href":"https:\/\/www.castellare.it\/it\/wp-json\/wp\/v2\/pages\/795"}],"wp:attachment":[{"href":"https:\/\/www.castellare.it\/it\/wp-json\/wp\/v2\/media?parent=11997"}],"curies":[{"name":"wp","href":"https:\/\/api.w.org\/{rel}","templated":true}]}}