{"id":11999,"date":"2024-12-05T11:35:05","date_gmt":"2024-12-05T11:35:05","guid":{"rendered":"https:\/\/www.castellare.it\/?page_id=11999\/"},"modified":"2025-04-01T20:33:03","modified_gmt":"2025-04-01T20:33:03","slug":"nero-davola-colori-di-sicilia","status":"publish","type":"page","link":"https:\/\/www.castellare.it\/it\/feudi-del-pisciotto\/nero-davola-colori-di-sicilia\/","title":{"rendered":"Nero d&#8217;Avola | Colori di Sicilia"},"content":{"rendered":"<div class=\"uk-width-medium-1-1 scheda-vino\">\r\n    <div class=\"uk-width-medium-1-3 uk-float-left scheda-vino-1\">\r\n        <h2>Nero d&#8217;Avola | Colori di Sicilia<\/h2>\r\n        <p>Il Nero d\u2019Avola \u00e8 uno dei 4 vini monovarietali della linea Colori di Sicilia di Feudi del Pisciotto. Vitigno a bacca nera pi\u00f9 rappresentativo della Sicilia, regala vini intensi e corposi, con una spiccata acidit\u00e0. Il Nero d\u2019Avola di Feudi del Pisciotto \u00e8 pieno, vellutato con piacevoli note fruttate e lievi accenni di spezie. In etichetta, pennellate di giallo e viola che rievocano il sole della Sicilia e gli acini di Nero d\u2019Avola, tratte dalle ceramiche del grande maestro di Caltagirone Giacomo Alessi. \u00a0<\/p>\r\n        \r\n    <\/div>\r\n    <div class=\"uk-width-medium-1-3 uk-float-left scheda-vino-2\">\r\n        <img decoding=\"async\" src=\"https:\/\/www.castellare.it\/wp-content\/uploads\/2025\/04\/Nero-dAvola-Colori-di-Sicilia-per-sito-web.png\" \/>\r\n    <\/div>\r\n    <div class=\"uk-width-medium-1-3 uk-float-left scheda-vino-3\">\r\n        <h3>Note degustative:<\/h3>\r\n        <p>rosso rubino brillante. Questo vino spazia da sentori di frutti rossi come amarena e ciliegia, a ricordi floreali violetta e mirto. Il gusto \u00e8 fresco, avvolgente e vellutato.<\/p>\r\n        <p><a href=\"https:\/\/www.castellare.it\/it\/vino-e-cibo\/degustare-il-vino\/\" class=\"readmore-plus\">Scopri come degustare il vino<\/a><\/p>\r\n        <p>&nbsp;<\/p>\r\n        <h3>Abbinamenti:<\/h3>\r\n        <p>formaggi stagionati, carni alla griglia e arrosto, funghi di bosco e piatti di selvaggina.\r\n<\/p>\r\n        <p><a href=\"https:\/\/www.castellare.it\/it\/vino-e-cibo\/abbinare-vino-e-cibo\/\" class=\"readmore-plus\">Scopri come abbinare il vino<\/a><\/p>\r\n    <\/div>\r\n<\/div>","protected":false},"excerpt":{"rendered":"<p>Nero d&#8217;Avola | Colori di Sicilia Il Nero d\u2019Avola \u00e8 uno dei 4 vini monovarietali della linea Colori di Sicilia di Feudi del Pisciotto. Vitigno a bacca nera pi\u00f9 rappresentativo della Sicilia, regala vini intensi e corposi, con una spiccata acidit\u00e0. Il Nero d\u2019Avola di Feudi del Pisciotto \u00e8 pieno, vellutato con piacevoli note fruttate [&hellip;]<\/p>\n","protected":false},"author":4,"featured_media":0,"parent":795,"menu_order":0,"comment_status":"closed","ping_status":"closed","template":"","meta":{"footnotes":""},"class_list":["post-11999","page","type-page","status-publish","hentry"],"_links":{"self":[{"href":"https:\/\/www.castellare.it\/it\/wp-json\/wp\/v2\/pages\/11999","targetHints":{"allow":["GET"]}}],"collection":[{"href":"https:\/\/www.castellare.it\/it\/wp-json\/wp\/v2\/pages"}],"about":[{"href":"https:\/\/www.castellare.it\/it\/wp-json\/wp\/v2\/types\/page"}],"author":[{"embeddable":true,"href":"https:\/\/www.castellare.it\/it\/wp-json\/wp\/v2\/users\/4"}],"replies":[{"embeddable":true,"href":"https:\/\/www.castellare.it\/it\/wp-json\/wp\/v2\/comments?post=11999"}],"version-history":[{"count":3,"href":"https:\/\/www.castellare.it\/it\/wp-json\/wp\/v2\/pages\/11999\/revisions"}],"predecessor-version":[{"id":12095,"href":"https:\/\/www.castellare.it\/it\/wp-json\/wp\/v2\/pages\/11999\/revisions\/12095"}],"up":[{"embeddable":true,"href":"https:\/\/www.castellare.it\/it\/wp-json\/wp\/v2\/pages\/795"}],"wp:attachment":[{"href":"https:\/\/www.castellare.it\/it\/wp-json\/wp\/v2\/media?parent=11999"}],"curies":[{"name":"wp","href":"https:\/\/api.w.org\/{rel}","templated":true}]}}