{"id":1454,"date":"2016-12-30T09:39:18","date_gmt":"2016-12-30T09:39:18","guid":{"rendered":"http:\/\/sviluppo.vardigital.it\/domini-castellare\/it\/?page_id=1454"},"modified":"2021-04-13T09:04:51","modified_gmt":"2021-04-13T09:04:51","slug":"coniale","status":"publish","type":"page","link":"https:\/\/www.castellare.it\/it\/castellare-di-castellina\/coniale\/","title":{"rendered":"Coniale"},"content":{"rendered":"<div class=\"uk-width-medium-1-1 scheda-vino\">\r\n    <div class=\"uk-width-medium-1-3 uk-float-left scheda-vino-1\">\r\n        <h2>Coniale<\/h2>\r\n        <p>Cabernet Sauvignon in purezza, per misurare le capacit\u00e0 produttive di Castellare con il resto del\r\nmondo. Un lavoro in vigna e una vinificazione per ottenere pi\u00f9 eleganza che potenza. Un risultato\r\nche, al di l\u00e0 della marcatura forte del Cabernet, illustra bene le caratteristiche del terroir. <\/p>\r\n        <p><a href=\"https:\/\/shop.castellare.it\/castellare-di-castellina\/8-11-coniale-2016.html#\/28-annata-2016\" target=\"_blank\"  class=\"readmore-plus\">Acquista il vino<\/a><\/p>\r\n    <\/div>\r\n    <div class=\"uk-width-medium-1-3 uk-float-left scheda-vino-2\">\r\n        <img decoding=\"async\" src=\"https:\/\/www.castellare.it\/wp-content\/uploads\/2017\/08\/Coniale.png\" \/>\r\n    <\/div>\r\n    <div class=\"uk-width-medium-1-3 uk-float-left scheda-vino-3\">\r\n        <h3>Note degustative:<\/h3>\r\n        <p>   Rosso rubino intenso.\r\nQuesto vino trasmette subito un sentore di ciliegie\r\ne piccoli frutti come il ribes. Il tutto viene\r\ncompletato da tenui note bois\u00e8. Al palato \u00e8 ben\r\nequilibrato e persistente.<\/p>\r\n        <p><a href=\"https:\/\/www.castellare.it\/it\/vino-e-cibo\/degustare-il-vino\/\" class=\"readmore-plus\">Scopri come degustare il vino<\/a><\/p>\r\n        <p>&nbsp;<\/p>\r\n        <h3>Abbinamenti:<\/h3>\r\n        <p>  Si accompagna bene con arrosti,\r\nbistecche ed in generale carni rosse. Anche la\r\ncacciagione e i formaggi stagionati sono perfetti\r\nper degustare al meglio questo vino.<\/p>\r\n         <p><a href=\"https:\/\/www.castellare.it\/it\/vino-e-cibo\/abbinare-vino-e-cibo\/\" class=\"readmore-plus\">Scopri come abbinare il vino<\/a><\/p>\r\n    <\/div>\r\n<\/div>\r\n","protected":false},"excerpt":{"rendered":"<p>Coniale Cabernet Sauvignon in purezza, per misurare le capacit\u00e0 produttive di Castellare con il resto del mondo. Un lavoro in vigna e una vinificazione per ottenere pi\u00f9 eleganza che potenza. Un risultato che, al di l\u00e0 della marcatura forte del Cabernet, illustra bene le caratteristiche del terroir. Acquista il vino Note degustative: Rosso rubino intenso. [&hellip;]<\/p>\n","protected":false},"author":1,"featured_media":0,"parent":791,"menu_order":0,"comment_status":"closed","ping_status":"closed","template":"","meta":{"footnotes":""},"class_list":["post-1454","page","type-page","status-publish","hentry"],"_links":{"self":[{"href":"https:\/\/www.castellare.it\/it\/wp-json\/wp\/v2\/pages\/1454","targetHints":{"allow":["GET"]}}],"collection":[{"href":"https:\/\/www.castellare.it\/it\/wp-json\/wp\/v2\/pages"}],"about":[{"href":"https:\/\/www.castellare.it\/it\/wp-json\/wp\/v2\/types\/page"}],"author":[{"embeddable":true,"href":"https:\/\/www.castellare.it\/it\/wp-json\/wp\/v2\/users\/1"}],"replies":[{"embeddable":true,"href":"https:\/\/www.castellare.it\/it\/wp-json\/wp\/v2\/comments?post=1454"}],"version-history":[{"count":11,"href":"https:\/\/www.castellare.it\/it\/wp-json\/wp\/v2\/pages\/1454\/revisions"}],"predecessor-version":[{"id":9523,"href":"https:\/\/www.castellare.it\/it\/wp-json\/wp\/v2\/pages\/1454\/revisions\/9523"}],"up":[{"embeddable":true,"href":"https:\/\/www.castellare.it\/it\/wp-json\/wp\/v2\/pages\/791"}],"wp:attachment":[{"href":"https:\/\/www.castellare.it\/it\/wp-json\/wp\/v2\/media?parent=1454"}],"curies":[{"name":"wp","href":"https:\/\/api.w.org\/{rel}","templated":true}]}}