{"id":1617,"date":"2017-02-07T11:51:56","date_gmt":"2017-02-07T11:51:56","guid":{"rendered":"http:\/\/sviluppo.vardigital.it\/domini-castellare\/?page_id=1617\/"},"modified":"2017-03-31T10:24:51","modified_gmt":"2017-03-31T10:24:51","slug":"impegno-sociale","status":"publish","type":"page","link":"https:\/\/www.castellare.it\/it\/spirito-dcc\/impegno-sociale\/","title":{"rendered":"Impegno Sociale"},"content":{"rendered":"<div class=\"uk-grid\">\r\n\t<div class=\"uk-width-medium-2-3\">\r\n        <p>In coerenza con la vision di sostenibilit\u00e0 ambientale sviluppata a Castellare di Castellina ed a Rocca di Frassinello, Feudi del Pisciotto si \u00e8 spinta ancora oltre nel farsi attivamente promotrice di un impegno sociale nei confronti del territorio che la ospita.<br>\r\n\t\tE se Castellare di Castellina e Rocca di Frassinello si trovano in due zone diverse della celebratissima Toscana, Feudi del Pisciotto si trova in Sicilia, una regione che in termini di patrimonio artistico e culturale \u00e8 pi\u00f9 che competitiva. Semmai quel che \u00e8 difficile, per i tanti monumenti e opere d\u2019arte dell\u2019isola, \u00e8 di essere degnamente conservati e valorizzati.<br><br>\r\n\t\tPer questo Feudi del Pisciotto si \u00e8 fatta promotrice di un\u2019iniziativa che, con il coinvolgimento delle istituzioni locali e con il contributo attivo e generoso dei pi\u00f9 importanti stilisti italiani, ha dato vita alla Collezione Grandi Stilisti. Una linea di grandi vini vestiti con etichette realizzate da celebri firme del Made in Italy come, Vesace, Valentino, Ferr\u00e8, Giambattista Valli, Alberta Ferretti e Missoni, parte del cui ricavato viene destinato al restauro di un\u2019opera d\u2019arte tra le tante presenti sull\u2019isola, avendo gli stilisti rinunciato alle royalties.<br>\r\n\t\tGrazie a questo progetto \u00e8 stato realizzato proprio il restauro di un trittico di stucchi di Giacomo Serpotta, artista tra i pi\u00f9 notevoli del barocco siciliano, dedicato a Dio e chiamato l\u2019Eterno. Proprio il nome che ha battezzato il 100% Pinot Nero che, su intuizione di Giacomo Tachis, Feudi del Pisciotto ha iniziato a produrre dalla vendemmia 2011 e che in etichetta riporta proprio un particolare dell\u2019opera.<\/p>\r\n    <\/div>\r\n\t<div class=\"uk-width-medium-1-3\" style=\"text-align: center;\">\r\n\t\t<figure class=\"uk-overlay uk-overlay-hover\">\r\n\t        <img decoding=\"async\" style=\"max-height: 300px;\" src=\"https:\/\/www.castellare.it\/wp-content\/uploads\/2017\/02\/impegno_sociale.jpg\">\r\n\t    <\/figure>\r\n\t<\/div>\r\n<\/div>\r\n<div class=\"uk-grid\">\r\n\t<div style=\"text-align:center;\" class=\"uk-width-medium-1-3\">\r\n\t\t<figure class=\"uk-overlay uk-overlay-hover\">\r\n\t        <img decoding=\"async\" style=\"max-height: 350px;\" src=\"https:\/\/www.castellare.it\/wp-content\/uploads\/2017\/03\/GURRA_LOGO_OK.jpg\">\r\n\t    <\/figure>\r\n\t<\/div>\r\n\t<div class=\"uk-width-medium-2-3\">\r\n\t\t<p>A partire dal biennio 2004-2005, quando il Punteruolo fece la sua comparsa dapprima in Liguria e poi quasi contemporaneamente in  Sicilia e in altre regioni, inclusa Roma,  per poi diffondersi rapidamente in tutta la penisola, le palme presenti sul territorio italiano hanno conosciuto la peggiore minaccia della loro storia plurisecolare se si pensa che nella sola Sicilia sono stati gi\u00e0 persi oltre 30 mila esemplari.<\/br>\r\n\t\tGurra di Mare ha deciso di devolvere parte del ricavato della vendita del proprio vino e olio alla definizione di un protocollo di intervento per prevenire il diffondersi di questo vero e proprio flagello. Mentre altrove il Punteruolo \u00e8 noto per i danni causati alle coltivazioni di palme da cocco (Cocos nucifera) e da datteri (Phoenix dactylifera), in Sicilia si sviluppa quasi principalmente a spese della Palma delle Canarie (Phoenix canariensis) che, peraltro, \u00e8 la specie di palma di gran lunga pi\u00f9 diffusa sia negli spazi pubblici sia nei giardini privati e offre condizioni particolarmente favorevoli all\u2019insediamento dell\u2019insetto.<\/br>\r\n\t\tIl lavoro del prof. Attilio Carapezza pubblicato sul sito ilpunteruolorosso.it offre una sistematica analisi del fenomeno e i migliori consigli per la sua prevenzione.<\/p>\r\n\t\t<p><a href=\"http:\/\/www.ilpunteruolorosso.it\/#5\" target=\"_blank\" class=\"readmore-plus\">Vai al sito Il Punteruolo Rosso<\/a><\/p>\r\n\t\t<p><a href=\"https:\/\/www.castellare.it\/it\/spirito-dcc\/sostenibilita\/\" class=\"readmore-plus\">Approfondisci Sostenibilit\u00e0<\/a><\/p>\r\n\t\t<p><a href=\"https:\/\/www.castellare.it\/it\/spirito-dcc\/#tm-top-c\" class=\"readmore-plus\">Torna a La Nostra Vision<\/a><\/p>\r\n\t<\/div>\r\n<\/div>","protected":false},"excerpt":{"rendered":"<p>In coerenza con la vision di sostenibilit\u00e0 ambientale sviluppata a Castellare di Castellina ed a Rocca di Frassinello, Feudi del Pisciotto si \u00e8 spinta ancora oltre nel farsi attivamente promotrice di un impegno sociale nei confronti del territorio che la ospita. E se Castellare di Castellina e Rocca di Frassinello si trovano in due zone [&hellip;]<\/p>\n","protected":false},"author":1,"featured_media":0,"parent":962,"menu_order":0,"comment_status":"closed","ping_status":"closed","template":"","meta":{"footnotes":""},"class_list":["post-1617","page","type-page","status-publish","hentry"],"_links":{"self":[{"href":"https:\/\/www.castellare.it\/it\/wp-json\/wp\/v2\/pages\/1617","targetHints":{"allow":["GET"]}}],"collection":[{"href":"https:\/\/www.castellare.it\/it\/wp-json\/wp\/v2\/pages"}],"about":[{"href":"https:\/\/www.castellare.it\/it\/wp-json\/wp\/v2\/types\/page"}],"author":[{"embeddable":true,"href":"https:\/\/www.castellare.it\/it\/wp-json\/wp\/v2\/users\/1"}],"replies":[{"embeddable":true,"href":"https:\/\/www.castellare.it\/it\/wp-json\/wp\/v2\/comments?post=1617"}],"version-history":[{"count":43,"href":"https:\/\/www.castellare.it\/it\/wp-json\/wp\/v2\/pages\/1617\/revisions"}],"predecessor-version":[{"id":2894,"href":"https:\/\/www.castellare.it\/it\/wp-json\/wp\/v2\/pages\/1617\/revisions\/2894"}],"up":[{"embeddable":true,"href":"https:\/\/www.castellare.it\/it\/wp-json\/wp\/v2\/pages\/962"}],"wp:attachment":[{"href":"https:\/\/www.castellare.it\/it\/wp-json\/wp\/v2\/media?parent=1617"}],"curies":[{"name":"wp","href":"https:\/\/api.w.org\/{rel}","templated":true}]}}