{"id":1731,"date":"2017-02-10T15:17:54","date_gmt":"2017-02-10T15:17:54","guid":{"rendered":"http:\/\/sviluppo.vardigital.it\/domini-castellare\/?page_id=1731\/"},"modified":"2018-05-02T13:17:20","modified_gmt":"2018-05-02T13:17:20","slug":"nero-davola-baglio-del-sole","status":"publish","type":"page","link":"https:\/\/www.castellare.it\/it\/feudi-del-pisciotto\/nero-davola-baglio-del-sole\/","title":{"rendered":"Nero d\u2019Avola Baglio del Sole"},"content":{"rendered":"<div class=\"uk-width-medium-1-1 scheda-vino\">\r\n    <div class=\"uk-width-medium-1-3 uk-float-left scheda-vino-1\">\r\n        <h2>Nero d\u2019Avola<br>Baglio del Sole<\/h2>\r\n        <p>Il mondo ha ormai scoperto il Nero d&#8217;Avola, vitigno principe, anche se difficile, della Sicilia. Cos\u00ec\r\ncome \u00e8 difficile trovare un Nero d&#8217;Avola davvero in purezza. Questo lo \u00e8 poich\u00e8 la selezione delle\r\nuve \u00e8 stata compiuta con l&#8217;obiettivo di realizzare un vino di altissima qualit\u00e0 e prezzo contenuto,\r\nma con solo e soltanto le qualit\u00e0 di questo vitigno autoctono.<\/p>\r\n        <p><a href=\"http:\/\/shop.castellare.it\/feudi-del-pisciotto\/baglio-del-sole-nero-d-avola.html\" target=\"_blank\" class=\"readmore-plus\">Acquista il vino<\/a><\/p>\r\n    <\/div>\r\n    <div class=\"uk-width-medium-1-3 uk-float-left scheda-vino-2\">\r\n        <img decoding=\"async\" src=\"https:\/\/www.castellare.it\/wp-content\/uploads\/2018\/05\/FDP_BAGLIO_NERO1.png\" \/>\r\n    <\/div>\r\n    <div class=\"uk-width-medium-1-3 uk-float-left scheda-vino-3\">\r\n        <h3>Note degustative:<\/h3>\r\n        <p>Rosso rubino scuro. Generoso di\r\nsensazioni olfattive proprie della variet\u00e0 che\r\nrichiamano la susina rossa e note di macchia\r\nmediterranea attraversate da sfumature molto\r\npiacevoli di pepe nero. Un vino che stupisce per\r\nl\u2019integrit\u00e0 di frutto, polposo, ricco, coerente con le\r\ncaratteristiche tipiche del vitigno.<\/p>\r\n        <p><a href=\"https:\/\/www.castellare.it\/it\/vino-e-cibo\/degustare-il-vino\/\" class=\"readmore-plus\">Scopri come degustare il vino<\/a><\/p>\r\n        <p>&nbsp;<\/p>\r\n        <h3>Abbinamenti:<\/h3>\r\n        <p>Zuppe di pesce speziate, primi piatti\r\ncon vari tipi di carne specialmente carni rosse e\r\nverdure grigliate.<\/p>\r\n        <p><a href=\"https:\/\/www.castellare.it\/it\/vino-e-cibo\/abbinare-vino-e-cibo\/\" class=\"readmore-plus\">Scopri come abbinare il vino<\/a><\/p>\r\n    <\/div>\r\n<\/div>\r\n","protected":false},"excerpt":{"rendered":"<p>Nero d\u2019AvolaBaglio del Sole Il mondo ha ormai scoperto il Nero d&#8217;Avola, vitigno principe, anche se difficile, della Sicilia. Cos\u00ec come \u00e8 difficile trovare un Nero d&#8217;Avola davvero in purezza. Questo lo \u00e8 poich\u00e8 la selezione delle uve \u00e8 stata compiuta con l&#8217;obiettivo di realizzare un vino di altissima qualit\u00e0 e prezzo contenuto, ma con [&hellip;]<\/p>\n","protected":false},"author":1,"featured_media":0,"parent":795,"menu_order":0,"comment_status":"closed","ping_status":"closed","template":"","meta":{"footnotes":""},"class_list":["post-1731","page","type-page","status-publish","hentry"],"_links":{"self":[{"href":"https:\/\/www.castellare.it\/it\/wp-json\/wp\/v2\/pages\/1731","targetHints":{"allow":["GET"]}}],"collection":[{"href":"https:\/\/www.castellare.it\/it\/wp-json\/wp\/v2\/pages"}],"about":[{"href":"https:\/\/www.castellare.it\/it\/wp-json\/wp\/v2\/types\/page"}],"author":[{"embeddable":true,"href":"https:\/\/www.castellare.it\/it\/wp-json\/wp\/v2\/users\/1"}],"replies":[{"embeddable":true,"href":"https:\/\/www.castellare.it\/it\/wp-json\/wp\/v2\/comments?post=1731"}],"version-history":[{"count":8,"href":"https:\/\/www.castellare.it\/it\/wp-json\/wp\/v2\/pages\/1731\/revisions"}],"predecessor-version":[{"id":6500,"href":"https:\/\/www.castellare.it\/it\/wp-json\/wp\/v2\/pages\/1731\/revisions\/6500"}],"up":[{"embeddable":true,"href":"https:\/\/www.castellare.it\/it\/wp-json\/wp\/v2\/pages\/795"}],"wp:attachment":[{"href":"https:\/\/www.castellare.it\/it\/wp-json\/wp\/v2\/media?parent=1731"}],"curies":[{"name":"wp","href":"https:\/\/api.w.org\/{rel}","templated":true}]}}