{"id":1854,"date":"2017-02-17T10:29:46","date_gmt":"2017-02-17T10:29:46","guid":{"rendered":"http:\/\/sviluppo.vardigital.it\/domini-castellare\/?page_id=1854\/"},"modified":"2021-05-12T16:02:25","modified_gmt":"2021-05-12T16:02:25","slug":"grappa","status":"publish","type":"page","link":"https:\/\/www.castellare.it\/it\/castellare-di-castellina\/grappa\/","title":{"rendered":"Grappa di Sangioveto"},"content":{"rendered":"<div class=\"uk-width-medium-1-1 scheda-vino\">\r\n    <div class=\"uk-width-medium-1-3 uk-float-left scheda-vino-1\">\r\n        <h2>Grappa di Sangioveto<\/h2>\r\n        <p>Il segreto delle grandi grappe sta nella qualit\u00e0 delle vinacce e nella rapidit\u00e0 con cui queste vengono distillate, perch\u00e9 cos\u00ec conservano tutti gli aromi e tutta la morbidezza della grande uva.\r\nLa Grappa di Castellare \u00e8 fatta con vinacce di Sangioveto, portate a vinificazione nel giro di 36\r\nore, mantenendo cos\u00ec la freschezza dei profumi e le note tipiche del vitigno.\r\nIl risultato \u00e8 un distillato di incomparabile finezza, straordinario per purezza e qualit\u00e0.<\/p>\r\n        <p><a href=\"https:\/\/shop.castellare.it\/castellare-di-castellina\/18-grappa-di-sangioveto-castellare.html\" target=\"_blank\" class=\"readmore-plus\">Acquista<\/a><\/p>\r\n    <\/div>\r\n    <div class=\"uk-width-medium-1-3 uk-float-left scheda-vino-2\">\r\n        <img decoding=\"async\" src=\"https:\/\/www.castellare.it\/wp-content\/uploads\/2021\/05\/Grappa-di-Sangioveto_Castellare.png\" \/>\r\n    <\/div>\r\n    <div class=\"uk-width-medium-1-3 uk-float-left scheda-vino-3\">\r\n<h3>Note degustative:<\/h3>\r\n        <p>Colore trasparente limpido. Profumo intenso ma delicato, con sentori floreali e di iris. Bocca tesa e affilata.<\/p>\r\n       <h3>Abbinamenti:<\/h3>\r\n        <p>Sigaro toscano.<\/p>\r\n    <\/div>\r\n<\/div>\r\n","protected":false},"excerpt":{"rendered":"<p>Grappa di Sangioveto Il segreto delle grandi grappe sta nella qualit\u00e0 delle vinacce e nella rapidit\u00e0 con cui queste vengono distillate, perch\u00e9 cos\u00ec conservano tutti gli aromi e tutta la morbidezza della grande uva. La Grappa di Castellare \u00e8 fatta con vinacce di Sangioveto, portate a vinificazione nel giro di 36 ore, mantenendo cos\u00ec la [&hellip;]<\/p>\n","protected":false},"author":1,"featured_media":0,"parent":791,"menu_order":0,"comment_status":"closed","ping_status":"closed","template":"","meta":{"footnotes":""},"class_list":["post-1854","page","type-page","status-publish","hentry"],"_links":{"self":[{"href":"https:\/\/www.castellare.it\/it\/wp-json\/wp\/v2\/pages\/1854","targetHints":{"allow":["GET"]}}],"collection":[{"href":"https:\/\/www.castellare.it\/it\/wp-json\/wp\/v2\/pages"}],"about":[{"href":"https:\/\/www.castellare.it\/it\/wp-json\/wp\/v2\/types\/page"}],"author":[{"embeddable":true,"href":"https:\/\/www.castellare.it\/it\/wp-json\/wp\/v2\/users\/1"}],"replies":[{"embeddable":true,"href":"https:\/\/www.castellare.it\/it\/wp-json\/wp\/v2\/comments?post=1854"}],"version-history":[{"count":14,"href":"https:\/\/www.castellare.it\/it\/wp-json\/wp\/v2\/pages\/1854\/revisions"}],"predecessor-version":[{"id":9736,"href":"https:\/\/www.castellare.it\/it\/wp-json\/wp\/v2\/pages\/1854\/revisions\/9736"}],"up":[{"embeddable":true,"href":"https:\/\/www.castellare.it\/it\/wp-json\/wp\/v2\/pages\/791"}],"wp:attachment":[{"href":"https:\/\/www.castellare.it\/it\/wp-json\/wp\/v2\/media?parent=1854"}],"curies":[{"name":"wp","href":"https:\/\/api.w.org\/{rel}","templated":true}]}}