{"id":3278,"date":"2017-04-04T11:14:09","date_gmt":"2017-04-04T11:14:09","guid":{"rendered":"http:\/\/sviluppo.vardigital.it\/domini-castellare\/?page_id=3278\/"},"modified":"2021-04-10T08:11:46","modified_gmt":"2021-04-10T08:11:46","slug":"davolarosa","status":"publish","type":"page","link":"https:\/\/www.castellare.it\/it\/feudi-del-pisciotto\/davolarosa\/","title":{"rendered":"Davolarosa"},"content":{"rendered":"<div class=\"uk-width-medium-1-1 scheda-vino\">\r\n    <div class=\"uk-width-medium-1-3 uk-float-left scheda-vino-1\">\r\n        <h2>Davolarosa<\/h2>\r\n        <p>Uno spumante ros\u00e8 dal carattere siciliano, ottenuto da uve Nero d\u2019Avola in purezza, le migliori delle vigne di Feudi del Pisciotto per il nuovo grand cru dell\u2019azienda: perlage fine e persistente, profumi freschi e intensi, grande sapidit\u00e0 e bevibilit\u00e0.<\/p>\r\n        <p><a href=\"https:\/\/shop.castellare.it\/feudi-del-pisciotto\/35-davolarosa.html\" target=\"_blank\" class=\"readmore-plus\">Acquista il vino<\/a><\/p>\r\n    <\/div>\r\n    <div class=\"uk-width-medium-1-3 uk-float-left scheda-vino-2\">\r\n        <img decoding=\"async\" src=\"https:\/\/www.castellare.it\/wp-content\/uploads\/2017\/04\/Bottiglia_Davolarosa.png\" \/>\r\n    <\/div>\r\n    <div class=\"uk-width-medium-1-3 uk-float-left scheda-vino-3\">\r\n        <h3>Note degustative:<\/h3>\r\n        <p>Buon perlage e colore brillante di un tenue rosa corallo. Al naso \u00e8 intenso e delicato con avvolgenti note di rose e agrumi. Al palato \u00e8 armonico, fruttato e di grande sapidit\u00e0, con un finale lungo e pulito.<\/p>\r\n        <p><a href=\"https:\/\/www.castellare.it\/it\/vino-e-cibo\/degustare-il-vino\/\" class=\"readmore-plus\">Scopri come degustare il vino<\/a><\/p>\r\n        <p>&nbsp;<\/p>\r\n        <h3>Abbinamenti:<\/h3>\r\n        <p>La freschezza e la notevole persistenza di questo spumante permettono di utilizzarlo a tutto pasto in particolare con piatti di pesce.<\/p>\r\n        <p><a href=\"https:\/\/www.castellare.it\/it\/vino-e-cibo\/abbinare-vino-e-cibo\/\" class=\"readmore-plus\">Scopri come abbinare il vino<\/a><\/p>\r\n    <\/div>\r\n<\/div>","protected":false},"excerpt":{"rendered":"<p>Davolarosa Uno spumante ros\u00e8 dal carattere siciliano, ottenuto da uve Nero d\u2019Avola in purezza, le migliori delle vigne di Feudi del Pisciotto per il nuovo grand cru dell\u2019azienda: perlage fine e persistente, profumi freschi e intensi, grande sapidit\u00e0 e bevibilit\u00e0. Acquista il vino Note degustative: Buon perlage e colore brillante di un tenue rosa corallo. [&hellip;]<\/p>\n","protected":false},"author":1,"featured_media":0,"parent":795,"menu_order":0,"comment_status":"closed","ping_status":"closed","template":"","meta":{"footnotes":""},"class_list":["post-3278","page","type-page","status-publish","hentry"],"_links":{"self":[{"href":"https:\/\/www.castellare.it\/it\/wp-json\/wp\/v2\/pages\/3278","targetHints":{"allow":["GET"]}}],"collection":[{"href":"https:\/\/www.castellare.it\/it\/wp-json\/wp\/v2\/pages"}],"about":[{"href":"https:\/\/www.castellare.it\/it\/wp-json\/wp\/v2\/types\/page"}],"author":[{"embeddable":true,"href":"https:\/\/www.castellare.it\/it\/wp-json\/wp\/v2\/users\/1"}],"replies":[{"embeddable":true,"href":"https:\/\/www.castellare.it\/it\/wp-json\/wp\/v2\/comments?post=3278"}],"version-history":[{"count":5,"href":"https:\/\/www.castellare.it\/it\/wp-json\/wp\/v2\/pages\/3278\/revisions"}],"predecessor-version":[{"id":9486,"href":"https:\/\/www.castellare.it\/it\/wp-json\/wp\/v2\/pages\/3278\/revisions\/9486"}],"up":[{"embeddable":true,"href":"https:\/\/www.castellare.it\/it\/wp-json\/wp\/v2\/pages\/795"}],"wp:attachment":[{"href":"https:\/\/www.castellare.it\/it\/wp-json\/wp\/v2\/media?parent=3278"}],"curies":[{"name":"wp","href":"https:\/\/api.w.org\/{rel}","templated":true}]}}