{"id":8380,"date":"2020-01-16T10:31:06","date_gmt":"2020-01-16T10:31:06","guid":{"rendered":"http:\/\/www.castellare.it\/?page_id=8380\/"},"modified":"2025-07-17T09:33:55","modified_gmt":"2025-07-17T09:33:55","slug":"la-foresteria-di-rocca-di-frassinello-2","status":"publish","type":"page","link":"https:\/\/www.castellare.it\/it\/la-foresteria-di-rocca-di-frassinello-2\/","title":{"rendered":"La Foresteria di Rocca di Frassinello"},"content":{"rendered":"<div class=\"uk-grid\">\r\n\t<div class=\"uk-width-medium-1-1\">\r\n\t<\/div>\r\n\t<\/div>\r\n<div class=\"uk-grid\">\r\n\t<div class=\"uk-width-medium-2-3\">\r\n\t\t<p>Ricavata in un\u2019ala della cantina progettata da <strong>Renzo Piano<\/strong> e immersa nel silenzio interrotto soltanto dai suoni della natura, la <strong>Foresteria di Rocca di Frassinello<\/strong> \u00e8 un luogo sospeso nel tempo dove \u00e8 possibile vivere un\u2019esperienza autentica nel cuore della <strong>Maremma Toscana<\/strong>.<br><br> \r\n\r\nEnologia di qualit\u00e0, natura e cultura sono i tre elementi che caratterizzano una vacanza nella <strong>Foresteria di Rocca di Frassinello<\/strong>. I nostri ospiti, infatti, oltre a soggiornare in un contesto unico, progettato dal pi\u00f9 grande architetto italiano, avranno l\u2019opportunit\u00e0 di sperimentare la <em>\u201ccultura del buon bere\u201d<\/em>, degustando i vini di <strong>Rocca di Frassinello<\/strong>, e di seguire da vicino il ciclo produttivo, dalla vigna alla bottiglia, per capire come funziona una vera <em>\u201cfabbrica del vino\u201d<\/em>. Ma anche di scoprire come 3 mila anni fa, su queste stesse colline, gli Etruschi coltivavano la vite, grazie ai reperti esposti nel Museo Etrusco presente all\u2019interno della cantina, rivenuti nella vicina <strong>Necropoli di San Germano<\/strong>.<br><br>\r\n\r\nSe viaggiate in coppia, questo \u00e8 il luogo ideale per trascorrere momenti indimenticabili nel massimo della privacy, ammirare romantici tramonti sulle dolci colline, con un calice di vino in mano, e rimanere sopraffatti dalla straordinaria bellezza dei cieli stellati grazie alla totale assenza di inquinamento luminoso. Se viaggiate con i vostri bambini, questo \u00e8 il posto giusto per trascorrere splendide giornate all\u2019aria aperta, a contatto con una natura rigogliosa popolata da animali selvatici, rare specie di uccelli e altri esemplari.<br><br>\r\n<\/p>\r\n\t<\/div>\r\n\t<div class=\"uk-width-medium-1-3\">\r\n\t\t<figure class=\"uk-overlay uk-overlay-hover\">\r\n\t\t\t<img decoding=\"async\" src=\"https:\/\/www.castellare.it\/wp-content\/uploads\/2020\/01\/DSC09920.jpg\">\r\n\t\t<\/figure>\r\n\t<\/div>\r\n<\/div>\r\n<div class=\"uk-grid\">\r\n\t<div class=\"uk-width-medium-2-3\">\r\n\t\t<p><strong>La Foresteria di Rocca di Frassinello<\/strong> dispone di <strong>quattro camere doppie<\/strong> e <strong>due appartamenti<\/strong> (composti da tre camere da letto, cucina, living e doppi servizi) arredati in stile minimal-chic, con vetrate panoramiche che offrono suggestivi scorci della tenuta. Le sistemazioni sono dotate di Tv, Wi-Fi, aria condizionata e riscaldamento autonomo e il soggiorno include il servizio colazione.<br><br>\r\n\r\n<strong>La Foresteria di Rocca di Frassinello<\/strong> non \u00e8 una struttura alberghiera nel senso pi\u00f9 classico del termine, con conciergerie h24, ristorante, piscina e altri servizi tipici di un resort, ma un\u2019intima guesthouse immersa nella natura incontaminata che abbraccia gli ospiti con i suoi profumi e colori. Non aspettatevi, dunque, le classiche attivit\u00e0 di intrattenimento turistico, perch\u00e9 il tempo a Rocca di Frassinello \u00e8 scandito dai ritmi della natura che scorrono senza fretta per riscoprire il valore della slow life e delle esperienze autentiche. Per raggiungere un luogo cos\u00ec incontaminato, fuori dai soliti circuiti turistici, \u00e8 necessario percorrere poco pi\u00f9 di 1 km di strada sterrata, ben segnalata da cartelli direzionali, che tuttavia si affronta in maniera piuttosto agevole con qualsiasi mezzo.<br><br>\r\n \r\nOltre a vivere appieno le esperienze in cantina, gli ospiti che soggiornano alla <strong>Foresteria di Rocca di Frassinello<\/strong> potranno esplorare la tenuta a piedi, oppure partire alla scoperta del territorio, magari in bici o a cavallo. Dalle spiagge pi\u00f9 selvagge della costa ai borghi medioevali pi\u00f9 affascinanti, dalle riserve naturali alle gite in barca tra le isole dell\u2019arcipelago toscano, il nostro staff sar\u00e0 lieto di consigliarvi gli itinerari pi\u00f9 belli e di guidarvi nella scelta dei migliori ristoranti per degustare la cucina tipica del territorio.<br><br>\r\n<\/p>\r\n\t<\/div>\r\n\t<div class=\"uk-width-medium-1-3\">\r\n\t\t<figure class=\"uk-overlay uk-overlay-hover\">\r\n\t\t\t<img decoding=\"async\" src=\"https:\/\/www.castellare.it\/wp-content\/uploads\/2020\/01\/DSC09875.jpg\">\r\n\t\t<\/figure>\r\n\t<\/div>\r\n<\/div>\r\n\t\t<a href=\"\/it\/le-camere-nelle-tipologie-classic-e-superior\" class=\"readmore-plus\">Le Camere<\/a>\r\n\t\t<\/p>\r\n<a href=\"\/it\/gli-appartamenti-nelle-tipologie-classic-e-superior\" class=\"readmore-plus\">Gli Appartamenti<\/a>\r\n<\/p>\r\n<a href=\"\/it\/rocca-di-frassinello\/#tm-bottom-c\" class=\"readmore-plus\">Informazioni e prenotazioni<\/a>\r\n\t\t<\/p>\r\n<a href=\"\/wp-content\/uploads\/2021\/05\/Rocca-di-Frassinello_La-Foresteria.pdf\" class=\"readmore-plus\">Brochure<\/a>\r\n\t\t<\/p>\r\n<div class=\"uk-grid\">\r\n\t<div class=\"uk-width-medium-2-3\">\r\n\t\t<p><br><br>La Maremma \u00e8 il territorio pi\u00f9 a Sud della Toscana, un piccolo paradiso di biodiversit\u00e0 che si estende dalle <strong>Colline Metallifere<\/strong> fino al promontorio dell\u2019<strong>Argentario<\/strong>. Qui, uno stile di vita basato sul rispetto per l\u2019ambiente, per la cultura e il mantenimento delle tradizioni regola le abitudini e i ritmi quotidiani.<br><br>\r\nLa Maremma \u00e8 sinonimo di buon vivere e di esperienza attiva, un&#8217;area che ospita piccole comunit\u00e0 sensibili a uno sviluppo sostenibile. Per il visitatore che la sceglie, un magnifico viaggio tra colori, profumi, sapori, storia, mare e montagna. Un&#8217;esperienza da godere all\u2019aperto, per esempio nel pi\u00f9 grande Parco Marino d&#8217;Europa come l\u2019Arcipelago Toscano, luogo ideale per immersioni, vela, windsurf e kitesurf.<br><br>\r\n\r\nLa Maremma riserva agli appassionati coste incontaminate, borghi, rocche e castelli medioevali, oltre a un entroterra ricco di centri di interesse culturale, come <strong>Massa Marittima<\/strong>, celebre per il suo Duomo, la Cattedrale di San Cerbone, che domina scenograficamente dall&#8217;alto la piazza principale della citt\u00e0; o ancora i magici \u201cBorghi del Tufo\u201d, come <strong>Pitigliano<\/strong>, <strong>Sorano <\/strong>e <strong>Sovana<\/strong>. Non solo storia e cultura, la Maremma \u00e8 anche sport, relax e cura del corpo, con alcuni dei pi\u00f9 rinomati centri termali della Toscana, come il Parco delle Terme di <strong>Saturnia<\/strong>, o i verdi e ben attrezzati <strong>Golf Club di Punta Ala<\/strong> e <strong>Gavorrano<\/strong>.<\/li><\/li>\r\n\t\t<\/ul><\/p>\r\n\t<\/div>\r\n\t<div class=\"uk-width-medium-1-3\">\r\n\t\t<figure class=\"uk-overlay uk-overlay-hover\">\r\n\t\t\t<br><br><img decoding=\"async\" src=\"https:\/\/www.castellare.it\/wp-content\/uploads\/2020\/01\/4Z5A0832.jpg\">\r\n\t\t<\/figure>\r\n\t<\/div>\r\n<\/div>\r\n\r\n\r\n    <\/div>","protected":false},"excerpt":{"rendered":"<p>Ricavata in un\u2019ala della cantina progettata da Renzo Piano e immersa nel silenzio interrotto soltanto dai suoni della natura, la Foresteria di Rocca di Frassinello \u00e8 un luogo sospeso nel tempo dove \u00e8 possibile vivere un\u2019esperienza autentica nel cuore della Maremma Toscana. Enologia di qualit\u00e0, natura e cultura sono i tre elementi che caratterizzano una [&hellip;]<\/p>\n","protected":false},"author":4,"featured_media":0,"parent":0,"menu_order":0,"comment_status":"closed","ping_status":"closed","template":"","meta":{"footnotes":""},"class_list":["post-8380","page","type-page","status-publish","hentry"],"_links":{"self":[{"href":"https:\/\/www.castellare.it\/it\/wp-json\/wp\/v2\/pages\/8380","targetHints":{"allow":["GET"]}}],"collection":[{"href":"https:\/\/www.castellare.it\/it\/wp-json\/wp\/v2\/pages"}],"about":[{"href":"https:\/\/www.castellare.it\/it\/wp-json\/wp\/v2\/types\/page"}],"author":[{"embeddable":true,"href":"https:\/\/www.castellare.it\/it\/wp-json\/wp\/v2\/users\/4"}],"replies":[{"embeddable":true,"href":"https:\/\/www.castellare.it\/it\/wp-json\/wp\/v2\/comments?post=8380"}],"version-history":[{"count":141,"href":"https:\/\/www.castellare.it\/it\/wp-json\/wp\/v2\/pages\/8380\/revisions"}],"predecessor-version":[{"id":12267,"href":"https:\/\/www.castellare.it\/it\/wp-json\/wp\/v2\/pages\/8380\/revisions\/12267"}],"wp:attachment":[{"href":"https:\/\/www.castellare.it\/it\/wp-json\/wp\/v2\/media?parent=8380"}],"curies":[{"name":"wp","href":"https:\/\/api.w.org\/{rel}","templated":true}]}}