{"id":940,"date":"2016-11-14T14:51:10","date_gmt":"2016-11-14T14:51:10","guid":{"rendered":"http:\/\/sviluppo.vardigital.it\/domini-castellare\/it\/?page_id=940"},"modified":"2022-04-13T15:15:53","modified_gmt":"2022-04-13T15:15:53","slug":"gli-etruschi-a-rocca-di-frassinello","status":"publish","type":"page","link":"https:\/\/www.castellare.it\/it\/rocca-di-frassinello\/gli-etruschi-a-rocca-di-frassinello\/","title":{"rendered":"Gli Etruschi a Rocca di Frassinello"},"content":{"rendered":"<div class=\"uk-grid\">\r\n\t<div class=\"uk-width-medium-1-2\">\r\n        <p>\r\n        Un percorso archeologico che si snoda tra i vigneti di Rocca di Frassinello ed una sala all\u2019interno della cantina allestita dall\u2019architetto Italo Rota, creatore del Padiglione del vino all\u2019Expo e del Mus\u00e9e d\u2019Orsay a Parigi, per immergersi completamente fra i suoni e le visioni del mondo degli Etruschi. Riannodare il filo che, attraverso il vino, lega la moderna viticoltura alla civilt\u00e0 etrusca, che proprio su queste terre fior\u00ec oltre 2.000 anni fa.<br>\r\n        &Egrave; questo il senso del progetto incentrato su una vera e propria riscoperta della necropoli etrusca di San Germano, una delle pi\u00f9 importanti realt\u00e0 archeologiche del comprensorio dell\u2019antica citt\u00e0 di Vetulonia, nato dalla collaborazione fra la Soprintendenza Archeologia della Toscana, l\u2019insegnamento di Etruscologia e Antichit\u00e0 italiche dell\u2019Universit\u00e0 degli Studi di Firenze e Paolo Panerai che ormai da tempo ha fatto di Rocca di Frassinello un polo di aggregazione di arte e cultura sotto il segno del vino, con il patrocinio del Comune di Gavorrano.\r\n        <\/p>\r\n    <\/div>\r\n\t<div style=\"text-align:center;\" class=\"uk-width-medium-1-2\">\r\n        <iframe loading=\"lazy\" width=\"560\" height=\"315\" src=\"https:\/\/www.youtube.com\/embed\/ZI4DL01IIdk\" frameborder=\"0\" allowfullscreen><\/iframe>\r\n\t<\/div>\r\n<\/div>\r\n<div class=\"uk-grid\">\r\n\t<div class=\"uk-width-medium-1-3\">\r\n\t\t<figure class=\"uk-overlay uk-overlay-hover\">\r\n\t        <img decoding=\"async\" src=\"https:\/\/www.castellare.it\/wp-content\/uploads\/2016\/11\/rocca_frassinello_etruschi_necropoli_mini.jpg\">\r\n\t        <div class=\"uk-overlay-panel uk-overlay-fade overlay-gradient uk-overlay-icon\">\r\n\t        <\/div>\r\n\t        <a class=\"uk-position-cover\" href=\"https:\/\/www.castellare.it\/it\/rocca-di-frassinello\/galleria-immagini\/?gallery_tag=Gli%20Etruschi%20a%20Rocca%20di%20Frassinello\"><\/a>\r\n\t    <\/figure>\r\n\t<\/div>\r\n\t<div class=\"uk-width-medium-2-3\">\r\n        <p>\r\n        La necropoli etrusca di San Germano, estesa su entrambi i versanti della valle del Sovata, importante via di collegamento nel territorio dell\u2019antica citt\u00e0 etrusca di Vetulonia, \u00e8 composta da tombe a tumulo. Nell\u2019area archeologica di Rocca di Frassinello si concentrano i tumuli meglio conosciuti della necropoli, costruiti tra la seconda met\u00e0 del VII secolo a.C. e la prima met\u00e0 del VI secolo a.C.: otto tombe monumentali sono state recuperate e restaurate creando un percorso di visita per il pubblico.<br>\r\n        La mostra dei reperti curata da Biancamaria Aranguren e Luca Cappuccini espone molti oggetti provenienti dalle tombe dell\u2019Area archeologica Rocca di Frassinello. Le tombe, gi\u00e0 violate in antico, hanno comunque restituito alcuni oggetti dei corredi che accompagnavano il defunto nell\u2019oltretomba. Si tratta per lo pi\u00f9 di vasi in ceramica fine dipinta (etrusco-corinzia) e in bucchero, unguentari di varia forma, utilizzati per la conservazione di oli profumati per il corpo, e calici e coppe per il consumo del vino. Restano inoltre alcuni rari ornamenti personali, quali fibule e orecchini, spesso realizzati in bronzo ma anche in metallo prezioso.\r\n        <\/p>\r\n    <\/div>\r\n<\/div>\r\n<div class=\"uk-grid\">\r\n\t<div class=\"uk-width-medium-2-3\">\r\n        <p>\r\n        Contiguo all\u2019area archeologica di Rocca di Frassinello, nei terreni di Poggio all\u2019Olivo, la Soprintendenza Archeologia della Toscana in collaborazione con l\u2019insegnamento di Etruscologia dell\u2019Universit\u00e0 di Firenze ha indagato un altro grande tumulo della necropoli di San Germano che presenta una struttura pi\u00f9 complessa rispetto agli altri trovando paralleli nei grandi tumuli principeschi di Vetulonia. Depredata gi\u00e0 in epoca antica, la tomba ha comunque restituito molti reperti che testimoniano l\u2019utilizzo prolungato di questo sepolcro dalla fine del VII al III secolo a.C. e testimonianze della passione degli etruschi per il vino. L\u2019alto rango dei proprietari della tomba \u00e8 sottolineato dalla presenza di due asce in ferro, di alcuni elementi di un currus (carro da guerra equiparabile alla biga), di rari vasi in alabastro di produzione egiziana, nonch\u00e9 da ceramiche importate dal Mediterraneo orientale e dalla Grecia.\r\n        <\/p>\r\n    <\/div>\r\n\t<div class=\"uk-width-medium-1-3\">\r\n\t\t<figure class=\"uk-overlay uk-overlay-hover\">\r\n\t        <img decoding=\"async\" src=\"https:\/\/www.castellare.it\/wp-content\/uploads\/2016\/12\/ETRUSCHI-2.jpg\">\r\n\t        <div class=\"uk-overlay-panel uk-overlay-fade overlay-gradient uk-overlay-icon\">\r\n\t        <\/div>\r\n\t        <a class=\"uk-position-cover\" href=\"https:\/\/www.castellare.it\/it\/rocca-di-frassinello\/galleria-immagini\/?gallery_tag=Gli%20Etruschi%20a%20Rocca%20di%20Frassinello\"><\/a>\r\n\t    <\/figure>\r\n\t<\/div>\r\n<\/div>\r\n<div class=\"uk-grid\">\r\n\t<div class=\"uk-width-medium-1-3\">\r\n\t\t<figure class=\"uk-overlay uk-overlay-hover\">\r\n\t        <img decoding=\"async\" src=\"https:\/\/www.castellare.it\/wp-content\/uploads\/2016\/11\/rocca_frassinello_etruschi_vaso_mini.jpg\">\r\n\t        <div class=\"uk-overlay-panel uk-overlay-fade overlay-gradient uk-overlay-icon\">\r\n\t        <\/div>\r\n\t        <a class=\"uk-position-cover\" href=\"https:\/\/www.castellare.it\/it\/rocca-di-frassinello\/galleria-immagini\/?gallery_tag=Gli%20Etruschi%20a%20Rocca%20di%20Frassinello\"><\/a>\r\n\t    <\/figure>\r\n\t<\/div>\r\n\t<div class=\"uk-width-medium-2-3\">\r\n        <p>\r\n        Lo stamnos, cio\u00e8 il grande vaso recuperato in frammenti nella cella nord del tumulo e sottoposto a un delicato restauro, venne realizzato e dipinto ad Atene intorno al 480 a.C. Il suo utilizzo come contenitore per il vino \u00e8 ribadito dal corteo dionisiaco che lo decora, vero e proprio inno a questa preziosa bevanda.<br>\r\n\t\tL\u2019idea di Italo Rota di estrarre i personaggi del vaso, facendoli uscire dalla bidimensionalit\u00e0 del loro originario supporto, ricreando vesti e ornamenti dei protagonisti del corteo dionisiaco, ha permesso grazie alla tecnologia 3D di far emergere i volumi e i movimenti del corteo dal vincolo del percorso circolare rappresentato dallo stamnos. Traendo ispirazione dalla sua decorazione, si snoda poi un breve racconto sul vino che gi\u00e0 in epoca etrusca costituiva uno status symbol: membri di un\u2019aristocrazia locale, gli Etruschi dell\u2019area archeologica di Rocca di Frassinello imitano il ceto principesco cittadino, dedicandosi al piacere della tavola e del bere.\r\n        <\/p>\r\n    <\/div>\r\n<\/div>\r\n<div class=\"uk-grid\">\r\n\t<div class=\"uk-width-medium-2-3\">\r\n        <p>\r\n        Il consumo del vino avveniva principalmente in occasioni sociali e si svolgeva secondo precise ritualit\u00e0. Prima dell\u2019arrivo della moda greca, che prevedeva l\u2019utilizzo di un grande vaso per la diluizione del vino con l\u2019acqua e la mescita all\u2019interno di grandi coppe (le kylikes), a Vetulonia si utilizzano vasi tipici della tradizione locale. Ci\u00f2 \u00e8 testimoniato, ad esempio dai vasi rinvenuti nella tomba a fossa del tumulo V della necropoli di Santa Teresa, localit\u00e0 posta a pochi chilometri da San Germano; databile al 630 a.C., il kantharos monumentale era probabilmente utilizzato per contenere il vino che veniva poi attinto e bevuto tramite le ciotole ritrovate intorno al grande vaso.<br>\r\n        Ispirati da queste ricerche e dai disegni che decorano il grande stamnos, abbiamo realizzato una serie limitata di bottiglie magnum di Rocca di Frassinello con un\u2019etichetta speciale che ritrae il corteo dionisiaco. La bottiglia \u00e8 contenuta in una cassa di legno, decorata e realizzata artigianalmente, che contiene anche due copie delle ciotole in bucchero.<br>ll valore storico delle tombe e dei suoi ritrovamenti legati al consumo di vino \u00e8 soprattutto uno: che il luogo era l\u2019ideale per coltivare la vigna, cos\u00ec come lo \u00e8 oggi, gi\u00e0 tremila anni fa.\r\n        <\/p><p><a href=\"https:\/\/izi.travel\/it\/a06d-gli-etruschi-e-il-vino-a-rocca-di-frassinello\/it\" target=\"_blank\" class=\"readmore-plus\">Audioguida della Necropoli e della Mostra<\/a><\/p><p><a href=\"https:\/\/www.castellare.it\/it\/rocca-di-frassinello\/rocca-di-frassinello-etruscan-edition\/\" target=\"_blank\" class=\"readmore-plus\">Scopri il vino Rocca di Frassinello Edizione Limitata Etrusca<\/a><\/p>\r\n    <\/div>\r\n\t<div class=\"uk-width-medium-1-3\">\r\n\t\t<figure class=\"uk-overlay uk-overlay-hover\">\r\n\t        <img decoding=\"async\" src=\"https:\/\/www.castellare.it\/wp-content\/uploads\/2016\/11\/etruschi-alla-rocca-di-frassinello-etruschi_2.jpg\">\r\n\t        <div class=\"uk-overlay-panel uk-overlay-fade overlay-gradient uk-overlay-icon\">\r\n\t        <\/div>\r\n\t        <a class=\"uk-position-cover\" href=\"https:\/\/www.castellare.it\/it\/rocca-di-frassinello\/galleria-immagini\/?gallery_tag=Gli%20Etruschi%20a%20Rocca%20di%20Frassinello\"><\/a>\r\n\t    <\/figure>\r\n\t<\/div>\r\n<\/div>","protected":false},"excerpt":{"rendered":"<p>Un percorso archeologico che si snoda tra i vigneti di Rocca di Frassinello ed una sala all\u2019interno della cantina allestita dall\u2019architetto Italo Rota, creatore del Padiglione del vino all\u2019Expo e del Mus\u00e9e d\u2019Orsay a Parigi, per immergersi completamente fra i suoni e le visioni del mondo degli Etruschi. Riannodare il filo che, attraverso il vino, [&hellip;]<\/p>\n","protected":false},"author":1,"featured_media":0,"parent":793,"menu_order":0,"comment_status":"closed","ping_status":"closed","template":"","meta":{"footnotes":""},"class_list":["post-940","page","type-page","status-publish","hentry"],"_links":{"self":[{"href":"https:\/\/www.castellare.it\/it\/wp-json\/wp\/v2\/pages\/940","targetHints":{"allow":["GET"]}}],"collection":[{"href":"https:\/\/www.castellare.it\/it\/wp-json\/wp\/v2\/pages"}],"about":[{"href":"https:\/\/www.castellare.it\/it\/wp-json\/wp\/v2\/types\/page"}],"author":[{"embeddable":true,"href":"https:\/\/www.castellare.it\/it\/wp-json\/wp\/v2\/users\/1"}],"replies":[{"embeddable":true,"href":"https:\/\/www.castellare.it\/it\/wp-json\/wp\/v2\/comments?post=940"}],"version-history":[{"count":38,"href":"https:\/\/www.castellare.it\/it\/wp-json\/wp\/v2\/pages\/940\/revisions"}],"predecessor-version":[{"id":10550,"href":"https:\/\/www.castellare.it\/it\/wp-json\/wp\/v2\/pages\/940\/revisions\/10550"}],"up":[{"embeddable":true,"href":"https:\/\/www.castellare.it\/it\/wp-json\/wp\/v2\/pages\/793"}],"wp:attachment":[{"href":"https:\/\/www.castellare.it\/it\/wp-json\/wp\/v2\/media?parent=940"}],"curies":[{"name":"wp","href":"https:\/\/api.w.org\/{rel}","templated":true}]}}