{"id":9844,"date":"2021-05-19T14:30:10","date_gmt":"2021-05-19T14:30:10","guid":{"rendered":"https:\/\/www.castellare.it\/?page_id=9844\/"},"modified":"2025-04-04T13:36:34","modified_gmt":"2025-04-04T13:36:34","slug":"castellare-di-castellina-landing-page-wine-experience","status":"publish","type":"page","link":"https:\/\/www.castellare.it\/it\/castellare-di-castellina-landing-page-wine-experience\/","title":{"rendered":"Castellare di Castellina Wine Experience"},"content":{"rendered":"<style>\r\n@media (max-width: 767px){\r\n.imb-mobile{\r\nmargin-top:24px;\r\n}\r\n}\r\n<\/style>\r\n<div class=\"uk-grid\">\r\n\t<div style=\"text-align:center;\" class=\"uk-width-medium-1-1\">\r\n        <p>Benvenuto nello spazio dedicato alle Wine Experience di <strong>Castellare di Castellina<\/strong>. Qui potrai prenotare, acquistare o regalare la tua esperienza preferita scegliendo tra un ampio ventaglio di opportunit\u00e0: dal wine tour classico, con visita di gruppo (max 10 partecipanti) e degustazione dei vini alla wine &#038; food experience con assaggi di salumi e formaggi toscani, dalle visite private con guida dedicata a i tour con degustazione delle etichette di punta dell\u2019azienda o dei <strong>Grand Cru<\/strong> di tutte le cantine del gruppo <strong>Domini Castellare di Castellina<\/strong>, per un viaggio del gusto dalla <strong>Toscana<\/strong> alla <strong>Sicilia<\/strong>.<\/p>\r\n<p>\r\n\r\n<strong>Ti ricordiamo che la visita classica \u00e8 prevista tutti i giorni, mentre le esperienze con abbinamento Wine &#038; Food sono offerte dal luned\u00ec al venerd\u00ec. Se non trovi la disponibilit\u00e0 in calendario per il giorno\/orario da te preferito ti suggeriamo di contattarci telefonicamente al numero 0577\/742903 per un&#8217;ulteriore verifica.<\/strong><\/p>\r\n\r\n<div style=\"margin-top:40px;text-align:center;\"><a href=\"https:\/\/www.castellare.it\/it\/castellare-di-castellina-wine-experience\/\" style=\"font-size:20px;\" class=\"readmore-plus-button\">Scegli la tua Wine Experience<\/a><\/div>\r\n\t<\/div>\r\n<\/div>\r\n\r\n<section style=\"margin-top: 70px;\" id=\"gallery\">\r\n    \t\t<div class=\"container\">\r\n\t    \t\t<div class=\"uk-grid\">\r\n\t    \t\t\t<div class=\"uk-width-small-2-6\">\r\n\t    \t\t\t\t<img decoding=\"async\" src=\"https:\/\/www.castellare.it\/wp-content\/uploads\/2021\/05\/Castellare-di-Castellina_1.jpg\" class=\"img-fluid m-b-24\" style=\"margin-bottom:24px;\" alt=\"\">\r\n\t    \t\t\t\t<img decoding=\"async\" src=\"https:\/\/www.castellare.it\/wp-content\/uploads\/2021\/05\/Castellare-di-Castellina_3-1.jpg\" class=\"img-fluid\" alt=\"\">\r\n\t    \t\t\t<\/div>\r\n\t    \t\t\t<div class=\"uk-width-small-4-6\">\r\n\t    \t\t\t\t<img decoding=\"async\" src=\"https:\/\/www.castellare.it\/wp-content\/uploads\/2021\/05\/Castellare-di-Castellina-4.jpg\" class=\"img-fluid imb-mobile\" alt=\"\">\r\n\t    \t\t\t<\/div>\r\n\t    \t\t<\/div>\r\n\t    \t\t<div class=\"uk-grid\">\r\n\t    \t\t\t<div class=\"uk-width-small-1-1\">\r\n\t    \t\t\t\t<img decoding=\"async\" src=\"https:\/\/www.castellare.it\/wp-content\/uploads\/2021\/05\/Castellare-di-Castellina_6-1.jpg\" class=\"img-fluid\" alt=\"\">\r\n\t    \t\t\t<\/div>\r\n\t    \t\t<\/div>\r\n\t    \t\t<div class=\"uk-grid\">\r\n\t    \t\t\t<div class=\"uk-width-small-2-6\">\r\n\t    \t\t\t\t<img decoding=\"async\" src=\"https:\/\/www.castellare.it\/wp-content\/uploads\/2021\/05\/Castellare-di-Castellina_5-1.jpg\" class=\"img-fluid\" alt=\"\">\r\n\t    \t\t\t<\/div>\r\n\t    \t\t\t<div class=\"uk-width-small-4-6\">\r\n\t    \t\t\t\t<img decoding=\"async\" src=\"https:\/\/www.castellare.it\/wp-content\/uploads\/2021\/05\/Castellare-di-Castellina_4-2.jpg\" class=\"img-fluid imb-mobile\" alt=\"\">\r\n\t    \t\t\t<\/div>\r\n\t    \t\t<\/div>\r\n\t    \t<\/div>\r\n    <\/section>","protected":false},"excerpt":{"rendered":"<p>Benvenuto nello spazio dedicato alle Wine Experience di Castellare di Castellina. Qui potrai prenotare, acquistare o regalare la tua esperienza preferita scegliendo tra un ampio ventaglio di opportunit\u00e0: dal wine tour classico, con visita di gruppo (max 10 partecipanti) e degustazione dei vini alla wine &#038; food experience con assaggi di salumi e formaggi toscani, [&hellip;]<\/p>\n","protected":false},"author":4,"featured_media":0,"parent":0,"menu_order":0,"comment_status":"closed","ping_status":"closed","template":"","meta":{"footnotes":""},"class_list":["post-9844","page","type-page","status-publish","hentry"],"_links":{"self":[{"href":"https:\/\/www.castellare.it\/it\/wp-json\/wp\/v2\/pages\/9844","targetHints":{"allow":["GET"]}}],"collection":[{"href":"https:\/\/www.castellare.it\/it\/wp-json\/wp\/v2\/pages"}],"about":[{"href":"https:\/\/www.castellare.it\/it\/wp-json\/wp\/v2\/types\/page"}],"author":[{"embeddable":true,"href":"https:\/\/www.castellare.it\/it\/wp-json\/wp\/v2\/users\/4"}],"replies":[{"embeddable":true,"href":"https:\/\/www.castellare.it\/it\/wp-json\/wp\/v2\/comments?post=9844"}],"version-history":[{"count":25,"href":"https:\/\/www.castellare.it\/it\/wp-json\/wp\/v2\/pages\/9844\/revisions"}],"predecessor-version":[{"id":12169,"href":"https:\/\/www.castellare.it\/it\/wp-json\/wp\/v2\/pages\/9844\/revisions\/12169"}],"wp:attachment":[{"href":"https:\/\/www.castellare.it\/it\/wp-json\/wp\/v2\/media?parent=9844"}],"curies":[{"name":"wp","href":"https:\/\/api.w.org\/{rel}","templated":true}]}}