{"id":8342,"date":"2019-12-04T08:36:11","date_gmt":"2019-12-04T08:36:11","guid":{"rendered":"http:\/\/www.castellare.it\/?page_id=8342\/"},"modified":"2019-12-04T08:36:11","modified_gmt":"2019-12-04T08:36:11","slug":"ru-eventi","status":"publish","type":"page","link":"https:\/\/www.castellare.it\/ru\/rocca-di-frassinello\/ru-eventi\/","title":{"rendered":"RU &#8211; Eventi"},"content":{"rendered":"<div class=\"uk-grid\">\r\n\t<div class=\"uk-width-medium-2-3\">\r\n        <p>\r\n<strong>Rocca di Frassinello<\/strong> offre una serie di ambienti unici per eventi privati e attivit\u00e0 aziendali. La scenografica barricaia \u00e8 in grado di ospitare cene esclusive, concerti ed altre iniziative. Il moderno <strong>Pavilion<\/strong> \u00e8 l\u2019ambiente ideale per organizzare conferenze e workshop aziendali, mentre l\u2019enorme terrazza con vista panoramica sulle colline maremmane \u00e8 il posto perfetto per feste e aperitivi al tramonto. Infine, \u00e8 disponibile una <strong>sala tecnica<\/strong> per degustazioni professionali o sessioni di formazione manageriale incentrate sulla creazione in team di speciali blend di vino.\r\n\r\n<br><br><\/p>\r\n\t<\/div>\r\n\t<div style=\"text-align:center;\" class=\"uk-width-medium-1-3\">\r\n\t\t<img decoding=\"async\" style=\"max-height: 300px;\" src=\"https:\/\/www.castellare.it\/wp-content\/uploads\/2017\/03\/Accoglienza_Rocca.jpg\">\r\n\t<\/div>\r\n<\/div>\r\n<div class=\"uk-grid\">\r\n\t<div style=\"text-align:center;\" class=\"uk-width-medium-1-3\">\r\n\t\t<img decoding=\"async\" src=\"https:\/\/www.castellare.it\/wp-content\/uploads\/2019\/09\/Conferenze-e-workshop.jpg\">\r\n\t<\/div>\r\n\t<div class=\"uk-width-medium-2-3\">\r\n\t\t<p><strong>Conferenze e workshop<\/strong><br>\r\nIl moderno Pavilion di Rocca di Frassinello, con vetrate panoramiche e terrazza che si affaccia sui vigneti, \u00e8 l\u2019ambiente ideale per organizzare conferenze e workshop aziendali grazie anche agli spazi interni modulabili che consentono di articolare gli ambienti a seconda delle esigenze. Inoltre, \u00e8 possibile organizzare in cantina e tra i vigneti attivit\u00e0 di team building divertenti e formative.\r\n<br><br><\/p>\r\n\t<\/div>\r\n<\/div>\r\n<div class=\"uk-grid\">\r\n\t<div class=\"uk-width-medium-2-3\">\r\n\t\t<p><strong>Cene e matrimoni<\/strong><br>\r\nRocca di Frassinello \u00e8 la location ideale per eventi esclusivi come cene di gala, feste private e matrimoni. La variet\u00e0 di spazi a disposizione, dalla terrazza panoramica con vista sui vigneti al moderno Pavilion in vetro e acciaio, fino alla spettacolare Barricaia scavata nella roccia, offre un\u2019ampia gamma di possibilit\u00e0 per realizzare un evento davvero indimenticabile.\r\n<\/p>\r\n\t<\/div>\r\n\t<div class=\"uk-width-medium-1-3\">\r\n\t\t<figure class=\"uk-overlay uk-overlay-hover\">\r\n\t\t\t<img decoding=\"async\" src=\"https:\/\/www.castellare.it\/wp-content\/uploads\/2017\/03\/15-1.jpg\">\r\n\t\t<\/figure>\r\n\t<\/div>\r\n<\/div>\r\n<div class=\"uk-grid\">\r\n\t<div class=\"uk-width-medium-1-3\">\r\n\t\t<figure class=\"uk-overlay uk-overlay-hover\">\r\n\t\t\t<img decoding=\"async\" src=\"https:\/\/www.castellare.it\/wp-content\/uploads\/2017\/04\/Auto_Rocca-new.jpg\">\r\n\t\t<\/figure>\r\n\t<\/div>\r\n\t<div class=\"uk-width-medium-2-3\">\r\n\t\t<p><strong>Mostre e raduni<\/strong><br>\r\nLa terrazza di Rocca di Frassinello \u00e8 un immenso tappeto volante di oltre 5 mila mq che sembra planare sulle dolci colline maremmane. Battezzata da Renzo Piano Il Sagrato, \u00e8 lo spazio ideale per ospitare raduni d\u2019auto e moto d\u2019epoca e manifestazioni che richiedono ampi spazi esterni da adibire ad esposizione.\r\n\r\n\t\t<\/div>\r\n<\/div>\r\n<div class=\"uk-grid\">\r\n\t<div class=\"uk-width-medium-2-3\">\r\n\t\t<p><strong>Spettacoli in barricaia<\/strong><br>\r\nLa barricaia \u00e8 un suggestivo anfiteatro ideale per accogliere performance artistiche e musicali. Un palcoscenico prestigioso, con un\u2019acustica perfetta, che ha ospitato importanti concerti jazz e di musica classica. Una cornice unica che pu\u00f2 rendere memorabile qualsiasi spettacolo.\r\n\r\n\t\t\r\n\t<\/div>\r\n\t<div class=\"uk-width-medium-1-3\">\r\n\t\t<figure class=\"uk-overlay uk-overlay-hover\">\r\n\t\t\t<img decoding=\"async\" src=\"https:\/\/www.castellare.it\/wp-content\/uploads\/2017\/03\/17-new.jpg\">\r\n\t\t<\/figure>\r\n\t<\/div>\r\n<\/p><br><br><a href=\"\/it\/rocca-di-frassinello\/accoglienza\/\" class=\"readmore-plus\">Visite e degustazioni<\/a>\r\n\t\t<\/p>\r\n<\/div>\r\n","protected":false},"excerpt":{"rendered":"<p>Rocca di Frassinello offre una serie di ambienti unici per eventi privati e attivit\u00e0 aziendali. La scenografica barricaia \u00e8 in grado di ospitare cene esclusive, concerti ed altre iniziative. Il moderno Pavilion \u00e8 l\u2019ambiente ideale per organizzare conferenze e workshop aziendali, mentre l\u2019enorme terrazza con vista panoramica sulle colline maremmane \u00e8 il posto perfetto per [&hellip;]<\/p>\n","protected":false},"author":1,"featured_media":0,"parent":7888,"menu_order":1,"comment_status":"closed","ping_status":"closed","template":"","meta":{"footnotes":""},"class_list":["post-8342","page","type-page","status-publish","hentry"],"_links":{"self":[{"href":"https:\/\/www.castellare.it\/ru\/wp-json\/wp\/v2\/pages\/8342","targetHints":{"allow":["GET"]}}],"collection":[{"href":"https:\/\/www.castellare.it\/ru\/wp-json\/wp\/v2\/pages"}],"about":[{"href":"https:\/\/www.castellare.it\/ru\/wp-json\/wp\/v2\/types\/page"}],"author":[{"embeddable":true,"href":"https:\/\/www.castellare.it\/ru\/wp-json\/wp\/v2\/users\/1"}],"replies":[{"embeddable":true,"href":"https:\/\/www.castellare.it\/ru\/wp-json\/wp\/v2\/comments?post=8342"}],"version-history":[{"count":1,"href":"https:\/\/www.castellare.it\/ru\/wp-json\/wp\/v2\/pages\/8342\/revisions"}],"predecessor-version":[{"id":8343,"href":"https:\/\/www.castellare.it\/ru\/wp-json\/wp\/v2\/pages\/8342\/revisions\/8343"}],"up":[{"embeddable":true,"href":"https:\/\/www.castellare.it\/ru\/wp-json\/wp\/v2\/pages\/7888"}],"wp:attachment":[{"href":"https:\/\/www.castellare.it\/ru\/wp-json\/wp\/v2\/media?parent=8342"}],"curies":[{"name":"wp","href":"https:\/\/api.w.org\/{rel}","templated":true}]}}